{"id":20,"date":"2024-12-17T08:53:57","date_gmt":"2024-12-17T08:53:57","guid":{"rendered":"https:\/\/stenuesson23.thkit.ee\/restoranile\/broneeringud\/"},"modified":"2025-01-14T16:07:58","modified_gmt":"2025-01-14T14:07:58","slug":"broneeringud","status":"publish","type":"page","link":"https:\/\/stenuesson23.thkit.ee\/restoranile\/broneeringud\/","title":{"rendered":"Broneeringud"},"content":{"rendered":"\n<div class=\"wp-block-group alignfull has-background-background-color has-background has-global-padding is-layout-constrained wp-container-core-group-is-layout-832022f9 wp-block-group-is-layout-constrained\" style=\"margin-top:0;margin-bottom:0;padding-top:0;padding-right:0;padding-bottom:0;padding-left:0\">\n<div class=\"wp-block-cover alignfull\" style=\"padding-top:0;padding-right:var(--wp--preset--spacing--30);padding-bottom:0;padding-left:var(--wp--preset--spacing--30);min-height:50px;aspect-ratio:unset;\"><span aria-hidden=\"true\" class=\"wp-block-cover__background has-black-background-color has-background-dim-60 has-background-dim\"><\/span><img loading=\"lazy\" decoding=\"async\" width=\"1280\" height=\"853\" class=\"wp-block-cover__image-background wp-image-31\" alt=\"\" src=\"https:\/\/stenuesson23.thkit.ee\/restoranile\/wp-content\/uploads\/2024\/12\/51f77354805424d185f3be4212c355f49ee27bd8.jpg\" data-object-fit=\"cover\" srcset=\"https:\/\/stenuesson23.thkit.ee\/restoranile\/wp-content\/uploads\/2024\/12\/51f77354805424d185f3be4212c355f49ee27bd8.jpg 1280w, https:\/\/stenuesson23.thkit.ee\/restoranile\/wp-content\/uploads\/2024\/12\/51f77354805424d185f3be4212c355f49ee27bd8-300x200.jpg 300w, https:\/\/stenuesson23.thkit.ee\/restoranile\/wp-content\/uploads\/2024\/12\/51f77354805424d185f3be4212c355f49ee27bd8-1024x682.jpg 1024w, https:\/\/stenuesson23.thkit.ee\/restoranile\/wp-content\/uploads\/2024\/12\/51f77354805424d185f3be4212c355f49ee27bd8-768x512.jpg 768w, https:\/\/stenuesson23.thkit.ee\/restoranile\/wp-content\/uploads\/2024\/12\/51f77354805424d185f3be4212c355f49ee27bd8-600x400.jpg 600w\" sizes=\"auto, (max-width: 1280px) 100vw, 1280px\" \/><div class=\"wp-block-cover__inner-container is-layout-flow wp-block-cover-is-layout-flow\">\n<div class=\"wp-block-group has-global-padding is-layout-constrained wp-block-group-is-layout-constrained\" style=\"padding-top:var(--wp--preset--spacing--60);padding-bottom:var(--wp--preset--spacing--60)\">\n<div class=\"wp-block-group alignwide has-global-padding is-content-justification-left is-layout-constrained wp-container-core-group-is-layout-12dd3699 wp-block-group-is-layout-constrained\">\n<h1 class=\"wp-block-heading has-text-color has-x-large-font-size\" style=\"color:#fffffffc\">Reserveeri koht meie elegantse ja kuningliku restorani<\/h1>\n\n\n\n<p class=\"has-text-color\" style=\"color:#fffffffc;margin-top:16px\">Broneeri koht meie elegantse restorani ja naudi kuninglikku elamust Eesti s\u00fcdames, Tartus.<\/p>\n<\/div>\n<\/div>\n<\/div><\/div>\n<\/div>\n\n\n\n<div class=\"wp-block-group alignfull has-tertiary-background-color has-background has-global-padding is-layout-constrained wp-container-core-group-is-layout-7276a2bb wp-block-group-is-layout-constrained\" style=\"margin-top:0;margin-bottom:0;padding-top:var(--wp--preset--spacing--60);padding-right:var(--wp--preset--spacing--30);padding-bottom:var(--wp--preset--spacing--60);padding-left:var(--wp--preset--spacing--30)\">\n<div class=\"wp-block-columns alignwide are-vertically-aligned-center is-layout-flex wp-container-core-columns-is-layout-08c01c1c wp-block-columns-is-layout-flex\">\n<div class=\"wp-block-column is-vertically-aligned-center is-layout-flow wp-block-column-is-layout-flow\">\n<figure class=\"wp-block-image\"><img loading=\"lazy\" decoding=\"async\" width=\"1280\" height=\"1745\" src=\"https:\/\/stenuesson23.thkit.ee\/restoranile\/wp-content\/uploads\/2024\/12\/233dae47f14d5a10e5c6cc3c54e4bef6445c39ad.jpg\" alt=\"\" class=\"wp-image-32\" style=\"aspect-ratio:4\/3;object-fit:cover\" srcset=\"https:\/\/stenuesson23.thkit.ee\/restoranile\/wp-content\/uploads\/2024\/12\/233dae47f14d5a10e5c6cc3c54e4bef6445c39ad.jpg 1280w, https:\/\/stenuesson23.thkit.ee\/restoranile\/wp-content\/uploads\/2024\/12\/233dae47f14d5a10e5c6cc3c54e4bef6445c39ad-220x300.jpg 220w, https:\/\/stenuesson23.thkit.ee\/restoranile\/wp-content\/uploads\/2024\/12\/233dae47f14d5a10e5c6cc3c54e4bef6445c39ad-751x1024.jpg 751w, https:\/\/stenuesson23.thkit.ee\/restoranile\/wp-content\/uploads\/2024\/12\/233dae47f14d5a10e5c6cc3c54e4bef6445c39ad-768x1047.jpg 768w, https:\/\/stenuesson23.thkit.ee\/restoranile\/wp-content\/uploads\/2024\/12\/233dae47f14d5a10e5c6cc3c54e4bef6445c39ad-1127x1536.jpg 1127w, https:\/\/stenuesson23.thkit.ee\/restoranile\/wp-content\/uploads\/2024\/12\/233dae47f14d5a10e5c6cc3c54e4bef6445c39ad-600x818.jpg 600w\" sizes=\"auto, (max-width: 1280px) 100vw, 1280px\" \/><\/figure>\n<\/div>\n\n\n\n<div class=\"wp-block-column is-vertically-aligned-center is-layout-flow wp-block-column-is-layout-flow\">\n<h2 class=\"wp-block-heading has-large-font-size\">Broneeri koht meie elegantse ja kuningliku Lokomotiiv toitlustuse juurde Tallinnas<\/h2>\n\n\n\n<p style=\"margin-top:16px\">Broneeri koht meie elegantse s\u00f6\u00f6gikoha ning naudi kuninglikku elamust. Lokomotiiv toitlustus pakub h\u00f5rgutavat men\u00fc\u00fcd, mis on valmistatud v\u00e4rskeimatest koostisosadest. Veeda meeldej\u00e4\u00e4v \u00f5htu l\u00e4hedastega, nautides meie suurep\u00e4rast k\u00f6\u00f6ki ja s\u00f5bralikku teenindust. Broneerimiseks helista +372 1234 5678 v\u00f5i t\u00e4ida allolev vorm.<\/p>\n\n\n\n<div class=\"wp-block-buttons is-layout-flex wp-block-buttons-is-layout-flex\" style=\"margin-top:var(--wp--preset--spacing--40)\">\n<div class=\"wp-block-button\"><a class=\"wp-block-button__link wp-element-button\" href=\"https:\/\/stenuesson23.thkit.ee\/restoranile\/kontakt\/\">Broneeri laud<\/a><\/div>\n<\/div>\n<\/div>\n<\/div>\n<\/div>\n\n\n\n<div class=\"wp-block-group alignfull has-background-background-color has-background has-global-padding is-layout-constrained wp-container-core-group-is-layout-12c5e928 wp-block-group-is-layout-constrained\" id=\"menyy\" style=\"margin-top:0;margin-bottom:0;padding-top:var(--wp--preset--spacing--60);padding-right:var(--wp--preset--spacing--30);padding-bottom:var(--wp--preset--spacing--60);padding-left:var(--wp--preset--spacing--30)\">\n<div class=\"wp-block-group alignwide has-global-padding is-content-justification-center is-layout-constrained wp-block-group-is-layout-constrained\" style=\"margin-bottom:var(--wp--preset--spacing--50)\">\n<h2 class=\"wp-block-heading has-text-align-center has-large-font-size\">Kuninglik Men\u00fc\u00fc &#8211; Peened Road<\/h2>\n\n\n\n<p class=\"has-text-align-center\" style=\"margin-top:16px\">Lokomotiiv toitlustus &#8211; elegantne kogemus Tartus. Kuninglik men\u00fc\u00fc, kohalik k\u00f6\u00f6k, s\u00f5bralik teenindus.<\/p>\n<\/div>\n\n\n\n<div class=\"wp-block-columns alignwide is-layout-flex wp-container-core-columns-is-layout-28f84493 wp-block-columns-is-layout-flex\">\n<div class=\"wp-block-column has-tertiary-background-color has-background is-layout-flow wp-container-core-column-is-layout-c3054dd6 wp-block-column-is-layout-flow\" style=\"padding-top:var(--wp--preset--spacing--30);padding-right:var(--wp--preset--spacing--20);padding-bottom:var(--wp--preset--spacing--30);padding-left:var(--wp--preset--spacing--20)\">\n<div class=\"wp-block-group has-global-padding is-layout-constrained wp-block-group-is-layout-constrained\" style=\"margin-top:-64px\">\n<figure class=\"wp-block-image aligncenter is-resized ext-aspect-landscape is-style-rounded\"><img loading=\"lazy\" decoding=\"async\" width=\"1280\" height=\"1818\" src=\"https:\/\/stenuesson23.thkit.ee\/restoranile\/wp-content\/uploads\/2024\/12\/ec648cf384b6d654263d4437560a49dc61006788.jpg\" alt=\"\" class=\"wp-image-37\" style=\"aspect-ratio:1;object-fit:cover;width:96px\" srcset=\"https:\/\/stenuesson23.thkit.ee\/restoranile\/wp-content\/uploads\/2024\/12\/ec648cf384b6d654263d4437560a49dc61006788.jpg 1280w, https:\/\/stenuesson23.thkit.ee\/restoranile\/wp-content\/uploads\/2024\/12\/ec648cf384b6d654263d4437560a49dc61006788-211x300.jpg 211w, https:\/\/stenuesson23.thkit.ee\/restoranile\/wp-content\/uploads\/2024\/12\/ec648cf384b6d654263d4437560a49dc61006788-721x1024.jpg 721w, https:\/\/stenuesson23.thkit.ee\/restoranile\/wp-content\/uploads\/2024\/12\/ec648cf384b6d654263d4437560a49dc61006788-768x1091.jpg 768w, https:\/\/stenuesson23.thkit.ee\/restoranile\/wp-content\/uploads\/2024\/12\/ec648cf384b6d654263d4437560a49dc61006788-1081x1536.jpg 1081w, https:\/\/stenuesson23.thkit.ee\/restoranile\/wp-content\/uploads\/2024\/12\/ec648cf384b6d654263d4437560a49dc61006788-600x852.jpg 600w\" sizes=\"auto, (max-width: 1280px) 100vw, 1280px\" \/><\/figure>\n<\/div>\n\n\n\n<h3 class=\"wp-block-heading has-text-align-center\" style=\"font-size:clamp(14px, 0.875rem + ((1vw - 3.2px) * 0.625), 20px);line-height:1.5\">Metsaseenepasta r\u00f5\u00f5m<\/h3>\n\n\n\n<p class=\"has-text-align-center has-small-font-size\" style=\"margin-top:0.25rem;font-style:normal;font-weight:700\">11\u20ac<\/p>\n\n\n\n<p class=\"has-text-align-center has-small-font-size\" style=\"margin-top:12px\">Meie metsaseenepasta pakub t\u00f5elist maitser\u00e4nnakut, valmistatud v\u00e4rskeimate seente ja rikkaliku koorekastmega.<\/p>\n<\/div>\n\n\n\n<div class=\"wp-block-column has-tertiary-background-color has-background is-layout-flow wp-container-core-column-is-layout-c3054dd6 wp-block-column-is-layout-flow\" style=\"padding-top:var(--wp--preset--spacing--30);padding-right:var(--wp--preset--spacing--20);padding-bottom:var(--wp--preset--spacing--30);padding-left:var(--wp--preset--spacing--20)\">\n<div class=\"wp-block-group has-global-padding is-layout-constrained wp-block-group-is-layout-constrained\" style=\"margin-top:-64px\">\n<figure class=\"wp-block-image aligncenter is-resized ext-aspect-landscape is-style-rounded\"><img decoding=\"async\" src=\"https:\/\/stenuesson23.thkit.ee\/restoranile\/wp-content\/uploads\/2024\/12\/8c9b1738589de39721aa4f113db163c829fc5504.jpg\" alt=\"\" class=\"wp-image-38\" style=\"aspect-ratio:1;object-fit:cover;width:96px\"\/><\/figure>\n<\/div>\n\n\n\n<h3 class=\"wp-block-heading has-text-align-center\" style=\"font-size:clamp(14px, 0.875rem + ((1vw - 3.2px) * 0.625), 20px);line-height:1.5\">Kuldsed kartulipannkoogid<\/h3>\n\n\n\n<p class=\"has-text-align-center has-small-font-size\" style=\"margin-top:0.25rem;font-style:normal;font-weight:700\">7\u20ac<\/p>\n\n\n\n<p class=\"has-text-align-center has-small-font-size\" style=\"margin-top:12px\">Lokomotiiv toitlustus &#8211; elegantne kogemus Tartus. Kuninglik men\u00fc\u00fc, kohalik k\u00f6\u00f6k, s\u00f5bralik teenindus.<\/p>\n<\/div>\n\n\n\n<div class=\"wp-block-column has-tertiary-background-color has-background is-layout-flow wp-container-core-column-is-layout-c3054dd6 wp-block-column-is-layout-flow\" style=\"padding-top:var(--wp--preset--spacing--30);padding-right:var(--wp--preset--spacing--20);padding-bottom:var(--wp--preset--spacing--30);padding-left:var(--wp--preset--spacing--20)\">\n<div class=\"wp-block-group has-global-padding is-layout-constrained wp-block-group-is-layout-constrained\" style=\"margin-top:-64px\">\n<figure class=\"wp-block-image aligncenter is-resized ext-aspect-landscape is-style-rounded\"><img decoding=\"async\" src=\"https:\/\/stenuesson23.thkit.ee\/restoranile\/wp-content\/uploads\/2024\/12\/c2f1aa696b16187695795cfaf293956586d8398e.jpg\" alt=\"\" class=\"wp-image-39\" style=\"aspect-ratio:1;object-fit:cover;width:96px\"\/><\/figure>\n<\/div>\n\n\n\n<h3 class=\"wp-block-heading has-text-align-center\" style=\"font-size:clamp(14px, 0.875rem + ((1vw - 3.2px) * 0.625), 20px);line-height:1.5\">Kreemjas kanakarri<\/h3>\n\n\n\n<p class=\"has-text-align-center has-small-font-size\" style=\"margin-top:0.25rem;font-style:normal;font-weight:700\">14\u20ac<\/p>\n\n\n\n<p class=\"has-text-align-center has-small-font-size\" style=\"margin-top:12px\">Avasta meie men\u00fc\u00fcd, mis toob teieni peened eelroad, p\u00f5hiroogad, magustoidud ja joogid.<\/p>\n<\/div>\n<\/div>\n\n\n\n<div class=\"wp-block-columns alignwide is-layout-flex wp-container-core-columns-is-layout-e1fea541 wp-block-columns-is-layout-flex\" style=\"margin-top:var(--wp--preset--spacing--50)\">\n<div class=\"wp-block-column has-tertiary-background-color has-background is-layout-flow wp-container-core-column-is-layout-c3054dd6 wp-block-column-is-layout-flow\" style=\"padding-top:var(--wp--preset--spacing--30);padding-right:var(--wp--preset--spacing--20);padding-bottom:var(--wp--preset--spacing--30);padding-left:var(--wp--preset--spacing--20)\">\n<div class=\"wp-block-group has-global-padding is-layout-constrained wp-block-group-is-layout-constrained\" style=\"margin-top:-64px\">\n<figure class=\"wp-block-image aligncenter is-resized ext-aspect-landscape is-style-rounded\"><img loading=\"lazy\" decoding=\"async\" width=\"2000\" height=\"2500\" src=\"https:\/\/stenuesson23.thkit.ee\/restoranile\/wp-content\/uploads\/2024\/12\/1b48cdeeed365e489d6c3a991119912d0a7ba0f2.jpg\" alt=\"\" class=\"wp-image-40\" style=\"aspect-ratio:1;object-fit:cover;width:96px\" srcset=\"https:\/\/stenuesson23.thkit.ee\/restoranile\/wp-content\/uploads\/2024\/12\/1b48cdeeed365e489d6c3a991119912d0a7ba0f2.jpg 2000w, https:\/\/stenuesson23.thkit.ee\/restoranile\/wp-content\/uploads\/2024\/12\/1b48cdeeed365e489d6c3a991119912d0a7ba0f2-240x300.jpg 240w, https:\/\/stenuesson23.thkit.ee\/restoranile\/wp-content\/uploads\/2024\/12\/1b48cdeeed365e489d6c3a991119912d0a7ba0f2-819x1024.jpg 819w, https:\/\/stenuesson23.thkit.ee\/restoranile\/wp-content\/uploads\/2024\/12\/1b48cdeeed365e489d6c3a991119912d0a7ba0f2-768x960.jpg 768w, https:\/\/stenuesson23.thkit.ee\/restoranile\/wp-content\/uploads\/2024\/12\/1b48cdeeed365e489d6c3a991119912d0a7ba0f2-1229x1536.jpg 1229w, https:\/\/stenuesson23.thkit.ee\/restoranile\/wp-content\/uploads\/2024\/12\/1b48cdeeed365e489d6c3a991119912d0a7ba0f2-1638x2048.jpg 1638w, https:\/\/stenuesson23.thkit.ee\/restoranile\/wp-content\/uploads\/2024\/12\/1b48cdeeed365e489d6c3a991119912d0a7ba0f2-600x750.jpg 600w\" sizes=\"auto, (max-width: 2000px) 100vw, 2000px\" \/><\/figure>\n<\/div>\n\n\n\n<h3 class=\"wp-block-heading has-text-align-center\" style=\"font-size:clamp(14px, 0.875rem + ((1vw - 3.2px) * 0.625), 20px);line-height:1.5\">Kuldsed kartulipannkoogid<\/h3>\n\n\n\n<p class=\"has-text-align-center has-small-font-size\" style=\"margin-top:0.25rem;font-style:normal;font-weight:700\">7\u20ac<\/p>\n\n\n\n<p class=\"has-text-align-center has-small-font-size\" style=\"margin-top:12px\">Lokomotiiv toitlustus &#8211; elegantne kogemus Tartus. Kuninglik men\u00fc\u00fc, kohalik k\u00f6\u00f6k, s\u00f5bralik teenindus.<\/p>\n<\/div>\n\n\n\n<div class=\"wp-block-column has-tertiary-background-color has-background is-layout-flow wp-container-core-column-is-layout-c3054dd6 wp-block-column-is-layout-flow\" style=\"padding-top:var(--wp--preset--spacing--30);padding-right:var(--wp--preset--spacing--20);padding-bottom:var(--wp--preset--spacing--30);padding-left:var(--wp--preset--spacing--20)\">\n<div class=\"wp-block-group has-global-padding is-layout-constrained wp-block-group-is-layout-constrained\" style=\"margin-top:-64px\">\n<figure class=\"wp-block-image aligncenter is-resized ext-aspect-landscape is-style-rounded\"><img loading=\"lazy\" decoding=\"async\" width=\"1280\" height=\"1818\" src=\"https:\/\/stenuesson23.thkit.ee\/restoranile\/wp-content\/uploads\/2024\/12\/ec648cf384b6d654263d4437560a49dc61006788.jpg\" alt=\"\" class=\"wp-image-37\" style=\"aspect-ratio:1;object-fit:cover;width:96px\" srcset=\"https:\/\/stenuesson23.thkit.ee\/restoranile\/wp-content\/uploads\/2024\/12\/ec648cf384b6d654263d4437560a49dc61006788.jpg 1280w, https:\/\/stenuesson23.thkit.ee\/restoranile\/wp-content\/uploads\/2024\/12\/ec648cf384b6d654263d4437560a49dc61006788-211x300.jpg 211w, https:\/\/stenuesson23.thkit.ee\/restoranile\/wp-content\/uploads\/2024\/12\/ec648cf384b6d654263d4437560a49dc61006788-721x1024.jpg 721w, https:\/\/stenuesson23.thkit.ee\/restoranile\/wp-content\/uploads\/2024\/12\/ec648cf384b6d654263d4437560a49dc61006788-768x1091.jpg 768w, https:\/\/stenuesson23.thkit.ee\/restoranile\/wp-content\/uploads\/2024\/12\/ec648cf384b6d654263d4437560a49dc61006788-1081x1536.jpg 1081w, https:\/\/stenuesson23.thkit.ee\/restoranile\/wp-content\/uploads\/2024\/12\/ec648cf384b6d654263d4437560a49dc61006788-600x852.jpg 600w\" sizes=\"auto, (max-width: 1280px) 100vw, 1280px\" \/><\/figure>\n<\/div>\n\n\n\n<h3 class=\"wp-block-heading has-text-align-center\" style=\"font-size:clamp(14px, 0.875rem + ((1vw - 3.2px) * 0.625), 20px);line-height:1.5\">Suussulav \u0161okolaadikook<\/h3>\n\n\n\n<p class=\"has-text-align-center has-small-font-size\" style=\"margin-top:0.25rem;font-style:normal;font-weight:700\">9\u20ac<\/p>\n\n\n\n<p class=\"has-text-align-center has-small-font-size\" style=\"margin-top:12px\">Meie hinnad on l\u00e4bim\u00f5eldud ja sisaldavad alati k\u00f5iki makse.<\/p>\n<\/div>\n\n\n\n<div class=\"wp-block-column has-tertiary-background-color has-background is-layout-flow wp-container-core-column-is-layout-c3054dd6 wp-block-column-is-layout-flow\" style=\"padding-top:var(--wp--preset--spacing--30);padding-right:var(--wp--preset--spacing--20);padding-bottom:var(--wp--preset--spacing--30);padding-left:var(--wp--preset--spacing--20)\">\n<div class=\"wp-block-group has-global-padding is-layout-constrained wp-block-group-is-layout-constrained\" style=\"margin-top:-64px\">\n<figure class=\"wp-block-image aligncenter is-resized ext-aspect-landscape is-style-rounded\"><img decoding=\"async\" src=\"https:\/\/stenuesson23.thkit.ee\/restoranile\/wp-content\/uploads\/2024\/12\/de7f9f378c93eb8e15b18d96d1a2f0bc9f511ad6.jpg\" alt=\"\" class=\"wp-image-41\" style=\"aspect-ratio:1;object-fit:cover;width:96px\"\/><\/figure>\n<\/div>\n\n\n\n<h3 class=\"wp-block-heading has-text-align-center\" style=\"font-size:clamp(14px, 0.875rem + ((1vw - 3.2px) * 0.625), 20px);line-height:1.5\">Kreemjas kanakarri<\/h3>\n\n\n\n<p class=\"has-text-align-center has-small-font-size\" style=\"margin-top:0.25rem;font-style:normal;font-weight:700\">14\u20ac<\/p>\n\n\n\n<p class=\"has-text-align-center has-small-font-size\" style=\"margin-top:12px\">Avasta meie men\u00fc\u00fcd, mis toob teieni peened eelroad, p\u00f5hiroogad, magustoidud ja joogid.<\/p>\n<\/div>\n<\/div>\n<\/div>\n\n\n\n<div class=\"wp-block-group alignfull has-tertiary-background-color has-background has-global-padding is-layout-constrained wp-container-core-group-is-layout-7276a2bb wp-block-group-is-layout-constrained\" style=\"margin-top:0;margin-bottom:0;padding-top:var(--wp--preset--spacing--60);padding-right:var(--wp--preset--spacing--30);padding-bottom:var(--wp--preset--spacing--60);padding-left:var(--wp--preset--spacing--30)\">\n<div class=\"wp-block-columns alignwide has-background-background-color has-background is-layout-flex wp-container-core-columns-is-layout-7c9548a8 wp-block-columns-is-layout-flex\" style=\"padding-top:0;padding-right:0;padding-bottom:0;padding-left:0\">\n<div class=\"wp-block-column is-vertically-aligned-stretch is-layout-flow wp-block-column-is-layout-flow\" style=\"flex-basis:40%\">\n<div class=\"wp-block-cover\" style=\"min-height:100%;aspect-ratio:unset;\"><span aria-hidden=\"true\" class=\"wp-block-cover__background has-background-dim-0 has-background-dim\"><\/span><img loading=\"lazy\" decoding=\"async\" width=\"1280\" height=\"1933\" class=\"wp-block-cover__image-background wp-image-42\" alt=\"\" src=\"https:\/\/stenuesson23.thkit.ee\/restoranile\/wp-content\/uploads\/2024\/12\/f3249d1614d77a9a8212cb57dc172d53227dc60b.jpg\" data-object-fit=\"cover\" srcset=\"https:\/\/stenuesson23.thkit.ee\/restoranile\/wp-content\/uploads\/2024\/12\/f3249d1614d77a9a8212cb57dc172d53227dc60b.jpg 1280w, https:\/\/stenuesson23.thkit.ee\/restoranile\/wp-content\/uploads\/2024\/12\/f3249d1614d77a9a8212cb57dc172d53227dc60b-199x300.jpg 199w, https:\/\/stenuesson23.thkit.ee\/restoranile\/wp-content\/uploads\/2024\/12\/f3249d1614d77a9a8212cb57dc172d53227dc60b-678x1024.jpg 678w, https:\/\/stenuesson23.thkit.ee\/restoranile\/wp-content\/uploads\/2024\/12\/f3249d1614d77a9a8212cb57dc172d53227dc60b-768x1160.jpg 768w, https:\/\/stenuesson23.thkit.ee\/restoranile\/wp-content\/uploads\/2024\/12\/f3249d1614d77a9a8212cb57dc172d53227dc60b-1017x1536.jpg 1017w, https:\/\/stenuesson23.thkit.ee\/restoranile\/wp-content\/uploads\/2024\/12\/f3249d1614d77a9a8212cb57dc172d53227dc60b-600x906.jpg 600w\" sizes=\"auto, (max-width: 1280px) 100vw, 1280px\" \/><div class=\"wp-block-cover__inner-container is-layout-flow wp-block-cover-is-layout-flow\">\n<div style=\"height:240px\" aria-hidden=\"true\" class=\"wp-block-spacer\"><\/div>\n<\/div><\/div>\n<\/div>\n\n\n\n<div class=\"wp-block-column is-vertically-aligned-center is-layout-flow wp-block-column-is-layout-flow\">\n<div class=\"wp-block-group has-global-padding is-layout-constrained wp-container-core-group-is-layout-301020a0 wp-block-group-is-layout-constrained\" style=\"padding-top:var(--wp--preset--spacing--50);padding-right:var(--wp--preset--spacing--50);padding-bottom:var(--wp--preset--spacing--50);padding-left:var(--wp--preset--spacing--50)\">\n<h2 class=\"wp-block-heading has-large-font-size\">Reserveeri koht juba t\u00e4na!<\/h2>\n\n\n\n<p style=\"margin-top:16px\">Tere tulemast Lokomotiiv toitlustusse! Meie elegantne ja kuninglik restoran Tartus pakub v\u00f5rratut men\u00fc\u00fcd kohalikest koostisosadest. Ootame teid nautima kohalikku k\u00f6\u00f6ki ja suurep\u00e4rast teenindust. Broneerige laud kohe!<\/p>\n\n\n\n<div class=\"wp-block-buttons is-content-justification-left is-layout-flex wp-container-core-buttons-is-layout-ec155617 wp-block-buttons-is-layout-flex\" style=\"margin-top:var(--wp--preset--spacing--40)\">\n<div class=\"wp-block-button\"><a class=\"wp-block-button__link wp-element-button\" href=\"https:\/\/stenuesson23.thkit.ee\/restoranile\/kontakt\/\">Reserveeri koht<\/a><\/div>\n<\/div>\n<\/div>\n<\/div>\n<\/div>\n<\/div>\n","protected":false},"excerpt":{"rendered":"<p>Broneeri koht meie elegantse ja kuningliku Lokomotiiv toitlustuse juurde Tallinnas Broneeri koht meie elegantse s\u00f6\u00f6gikoha ning naudi kuninglikku elamust. Lokomotiiv toitlustus pakub h\u00f5rgutavat men\u00fc\u00fcd, mis on valmistatud v\u00e4rskeimatest koostisosadest. Veeda meeldej\u00e4\u00e4v \u00f5htu l\u00e4hedastega, nautides meie suurep\u00e4rast k\u00f6\u00f6ki ja s\u00f5bralikku teenindust. Broneerimiseks helista +372 1234 5678 v\u00f5i t\u00e4ida allolev vorm. Kuninglik Men\u00fc\u00fc &#8211; Peened Road Lokomotiiv [&hellip;]<\/p>\n","protected":false},"author":1,"featured_media":0,"parent":0,"menu_order":0,"comment_status":"closed","ping_status":"closed","template":"no-title","meta":{"footnotes":""},"class_list":["post-20","page","type-page","status-publish","hentry"],"_links":{"self":[{"href":"https:\/\/stenuesson23.thkit.ee\/restoranile\/wp-json\/wp\/v2\/pages\/20","targetHints":{"allow":["GET"]}}],"collection":[{"href":"https:\/\/stenuesson23.thkit.ee\/restoranile\/wp-json\/wp\/v2\/pages"}],"about":[{"href":"https:\/\/stenuesson23.thkit.ee\/restoranile\/wp-json\/wp\/v2\/types\/page"}],"author":[{"embeddable":true,"href":"https:\/\/stenuesson23.thkit.ee\/restoranile\/wp-json\/wp\/v2\/users\/1"}],"replies":[{"embeddable":true,"href":"https:\/\/stenuesson23.thkit.ee\/restoranile\/wp-json\/wp\/v2\/comments?post=20"}],"version-history":[{"count":4,"href":"https:\/\/stenuesson23.thkit.ee\/restoranile\/wp-json\/wp\/v2\/pages\/20\/revisions"}],"predecessor-version":[{"id":134,"href":"https:\/\/stenuesson23.thkit.ee\/restoranile\/wp-json\/wp\/v2\/pages\/20\/revisions\/134"}],"wp:attachment":[{"href":"https:\/\/stenuesson23.thkit.ee\/restoranile\/wp-json\/wp\/v2\/media?parent=20"}],"curies":[{"name":"wp","href":"https:\/\/api.w.org\/{rel}","templated":true}]}}