{"id":18,"date":"2024-12-17T08:53:57","date_gmt":"2024-12-17T08:53:57","guid":{"rendered":"https:\/\/stenuesson23.thkit.ee\/restoranile\/kontakt\/"},"modified":"2025-01-14T16:07:11","modified_gmt":"2025-01-14T14:07:11","slug":"kontakt","status":"publish","type":"page","link":"https:\/\/stenuesson23.thkit.ee\/restoranile\/kontakt\/","title":{"rendered":"Kontakt"},"content":{"rendered":"\n<div class=\"wp-block-group alignfull has-background-background-color has-background has-global-padding is-layout-constrained wp-container-core-group-is-layout-832022f9 wp-block-group-is-layout-constrained\" style=\"margin-top:0;margin-bottom:0;padding-top:0;padding-right:0;padding-bottom:0;padding-left:0\">\n<div class=\"wp-block-cover alignfull\" style=\"padding-top:0;padding-right:var(--wp--preset--spacing--30);padding-bottom:0;padding-left:var(--wp--preset--spacing--30);min-height:50px;aspect-ratio:unset;\"><span aria-hidden=\"true\" class=\"wp-block-cover__background has-black-background-color has-background-dim-60 has-background-dim\"><\/span><img loading=\"lazy\" decoding=\"async\" width=\"1280\" height=\"853\" class=\"wp-block-cover__image-background wp-image-31\" alt=\"\" src=\"https:\/\/stenuesson23.thkit.ee\/restoranile\/wp-content\/uploads\/2024\/12\/51f77354805424d185f3be4212c355f49ee27bd8.jpg\" data-object-fit=\"cover\" srcset=\"https:\/\/stenuesson23.thkit.ee\/restoranile\/wp-content\/uploads\/2024\/12\/51f77354805424d185f3be4212c355f49ee27bd8.jpg 1280w, https:\/\/stenuesson23.thkit.ee\/restoranile\/wp-content\/uploads\/2024\/12\/51f77354805424d185f3be4212c355f49ee27bd8-300x200.jpg 300w, https:\/\/stenuesson23.thkit.ee\/restoranile\/wp-content\/uploads\/2024\/12\/51f77354805424d185f3be4212c355f49ee27bd8-1024x682.jpg 1024w, https:\/\/stenuesson23.thkit.ee\/restoranile\/wp-content\/uploads\/2024\/12\/51f77354805424d185f3be4212c355f49ee27bd8-768x512.jpg 768w, https:\/\/stenuesson23.thkit.ee\/restoranile\/wp-content\/uploads\/2024\/12\/51f77354805424d185f3be4212c355f49ee27bd8-600x400.jpg 600w\" sizes=\"auto, (max-width: 1280px) 100vw, 1280px\" \/><div class=\"wp-block-cover__inner-container is-layout-flow wp-block-cover-is-layout-flow\">\n<div class=\"wp-block-group has-global-padding is-layout-constrained wp-block-group-is-layout-constrained\" style=\"padding-top:var(--wp--preset--spacing--60);padding-bottom:var(--wp--preset--spacing--60)\">\n<div class=\"wp-block-group alignwide has-global-padding is-content-justification-left is-layout-constrained wp-container-core-group-is-layout-12dd3699 wp-block-group-is-layout-constrained\">\n<h1 class=\"wp-block-heading has-text-color has-x-large-font-size\" style=\"color:#fffffffc\">Tule meie juurde ja broneeri koht<\/h1>\n\n\n\n<p class=\"has-text-color\" style=\"color:#fffffffc;margin-top:16px\">Kuninglik Kogemus &#8211; Elegantsed road, valmistatud parimatest kohalikest koostisosadest.<\/p>\n<\/div>\n<\/div>\n<\/div><\/div>\n<\/div>\n\n\n\n<div class=\"wp-block-group alignfull has-tertiary-background-color has-background has-global-padding is-layout-constrained wp-container-core-group-is-layout-7276a2bb wp-block-group-is-layout-constrained\" id=\"kontakt\" style=\"margin-top:0;margin-bottom:0;padding-top:var(--wp--preset--spacing--60);padding-right:var(--wp--preset--spacing--30);padding-bottom:var(--wp--preset--spacing--60);padding-left:var(--wp--preset--spacing--30)\">\n<div class=\"wp-block-group has-global-padding is-layout-constrained wp-block-group-is-layout-constrained\" style=\"margin-bottom:var(--wp--preset--spacing--40)\">\n<h2 class=\"wp-block-heading has-text-align-center has-large-font-size\">V\u00f5ta \u00fchendust Lokomotiiv toitlustusega<\/h2>\n\n\n\n<p class=\"has-text-align-center\" style=\"margin-top:1rem\">K\u00fclasta meie elegantset restorani, et kogeda kuninglikku men\u00fc\u00fcd ja tervitust.<\/p>\n<\/div>\n\n\n<\/div>\n\n\n\n<div class=\"wp-block-group alignfull has-background-background-color has-background has-global-padding is-layout-constrained wp-container-core-group-is-layout-7276a2bb wp-block-group-is-layout-constrained\" style=\"margin-top:0;margin-bottom:0;padding-top:var(--wp--preset--spacing--60);padding-right:var(--wp--preset--spacing--30);padding-bottom:var(--wp--preset--spacing--60);padding-left:var(--wp--preset--spacing--30)\">\n<div class=\"wp-block-columns alignwide are-vertically-aligned-center is-layout-flex wp-container-core-columns-is-layout-08c01c1c wp-block-columns-is-layout-flex\">\n<div class=\"wp-block-column is-vertically-aligned-center is-layout-flow wp-block-column-is-layout-flow\">\n<h2 class=\"wp-block-heading has-large-font-size\">Broneeri laud meie elegantse restorani Lokomotiiv toitlustus Tartus<\/h2>\n\n\n\n<p style=\"margin-top:16px\">Broneeri laud meie elegantse restoranis ja naudi kuninglikku kogemust. Meie restoran, Lokomotiiv toitlustus, pakub rikkalikku men\u00fc\u00fcd kohalikest ja v\u00e4rskeimatest koostisosadest. Veetke m\u00f5nus \u00f5htu s\u00f5prade v\u00f5i perega, nautides meie kohalikku k\u00f6\u00f6ki ja suurep\u00e4rast teenindust. Broneerimiseks helistage +372 1234 5678 v\u00f5i t\u00e4itke allpool olev vorm.<\/p>\n<\/div>\n\n\n\n<div class=\"wp-block-column is-vertically-aligned-center is-layout-flow wp-block-column-is-layout-flow\">\n<div class=\"wp-block-cover has-custom-content-position is-position-bottom-left\" style=\"border-radius:4px;padding-top:var(--wp--preset--spacing--40);padding-right:var(--wp--preset--spacing--30);padding-bottom:var(--wp--preset--spacing--30);padding-left:var(--wp--preset--spacing--30);min-height:100%;aspect-ratio:unset;\"><span aria-hidden=\"true\" class=\"wp-block-cover__background has-background-dim\"><\/span><img loading=\"lazy\" decoding=\"async\" width=\"1280\" height=\"1745\" class=\"wp-block-cover__image-background wp-image-32\" alt=\"\" src=\"https:\/\/stenuesson23.thkit.ee\/restoranile\/wp-content\/uploads\/2024\/12\/233dae47f14d5a10e5c6cc3c54e4bef6445c39ad.jpg\" data-object-fit=\"cover\" srcset=\"https:\/\/stenuesson23.thkit.ee\/restoranile\/wp-content\/uploads\/2024\/12\/233dae47f14d5a10e5c6cc3c54e4bef6445c39ad.jpg 1280w, https:\/\/stenuesson23.thkit.ee\/restoranile\/wp-content\/uploads\/2024\/12\/233dae47f14d5a10e5c6cc3c54e4bef6445c39ad-220x300.jpg 220w, https:\/\/stenuesson23.thkit.ee\/restoranile\/wp-content\/uploads\/2024\/12\/233dae47f14d5a10e5c6cc3c54e4bef6445c39ad-751x1024.jpg 751w, https:\/\/stenuesson23.thkit.ee\/restoranile\/wp-content\/uploads\/2024\/12\/233dae47f14d5a10e5c6cc3c54e4bef6445c39ad-768x1047.jpg 768w, https:\/\/stenuesson23.thkit.ee\/restoranile\/wp-content\/uploads\/2024\/12\/233dae47f14d5a10e5c6cc3c54e4bef6445c39ad-1127x1536.jpg 1127w, https:\/\/stenuesson23.thkit.ee\/restoranile\/wp-content\/uploads\/2024\/12\/233dae47f14d5a10e5c6cc3c54e4bef6445c39ad-600x818.jpg 600w\" sizes=\"auto, (max-width: 1280px) 100vw, 1280px\" \/><div class=\"wp-block-cover__inner-container is-layout-flow wp-block-cover-is-layout-flow\">\n<div style=\"height:240px\" aria-hidden=\"true\" class=\"wp-block-spacer\"><\/div>\n\n\n\n<div class=\"wp-block-group has-global-padding is-layout-constrained wp-block-group-is-layout-constrained\">\n<p style=\"font-size:clamp(1.119rem, 1.119rem + ((1vw - 0.2rem) * 1.052), 1.75rem);font-style:normal;font-weight:500;line-height:1.3\">Nauding kuninglikest kohalikest roogadest s\u00f5pradega &#8211; elegantne maitseelamus!<\/p>\n\n\n\n<h4 class=\"wp-block-heading has-text-align-left has-small-font-size\">Toomas Lepik<\/h4>\n\n\n\n<p class=\"has-text-align-left has-small-font-size\" style=\"margin-top:2px\">Kohaliku toidu austaja<\/p>\n<\/div>\n<\/div><\/div>\n<\/div>\n<\/div>\n<\/div>\n","protected":false},"excerpt":{"rendered":"<p>V\u00f5ta \u00fchendust Lokomotiiv toitlustusega K\u00fclasta meie elegantset restorani, et kogeda kuninglikku men\u00fc\u00fcd ja tervitust. Broneeri laud meie elegantse restorani Lokomotiiv toitlustus Tartus Broneeri laud meie elegantse restoranis ja naudi kuninglikku kogemust. Meie restoran, Lokomotiiv toitlustus, pakub rikkalikku men\u00fc\u00fcd kohalikest ja v\u00e4rskeimatest koostisosadest. Veetke m\u00f5nus \u00f5htu s\u00f5prade v\u00f5i perega, nautides meie kohalikku k\u00f6\u00f6ki ja suurep\u00e4rast teenindust. [&hellip;]<\/p>\n","protected":false},"author":1,"featured_media":0,"parent":0,"menu_order":0,"comment_status":"closed","ping_status":"closed","template":"no-title","meta":{"footnotes":""},"class_list":["post-18","page","type-page","status-publish","hentry"],"_links":{"self":[{"href":"https:\/\/stenuesson23.thkit.ee\/restoranile\/wp-json\/wp\/v2\/pages\/18","targetHints":{"allow":["GET"]}}],"collection":[{"href":"https:\/\/stenuesson23.thkit.ee\/restoranile\/wp-json\/wp\/v2\/pages"}],"about":[{"href":"https:\/\/stenuesson23.thkit.ee\/restoranile\/wp-json\/wp\/v2\/types\/page"}],"author":[{"embeddable":true,"href":"https:\/\/stenuesson23.thkit.ee\/restoranile\/wp-json\/wp\/v2\/users\/1"}],"replies":[{"embeddable":true,"href":"https:\/\/stenuesson23.thkit.ee\/restoranile\/wp-json\/wp\/v2\/comments?post=18"}],"version-history":[{"count":4,"href":"https:\/\/stenuesson23.thkit.ee\/restoranile\/wp-json\/wp\/v2\/pages\/18\/revisions"}],"predecessor-version":[{"id":132,"href":"https:\/\/stenuesson23.thkit.ee\/restoranile\/wp-json\/wp\/v2\/pages\/18\/revisions\/132"}],"wp:attachment":[{"href":"https:\/\/stenuesson23.thkit.ee\/restoranile\/wp-json\/wp\/v2\/media?parent=18"}],"curies":[{"name":"wp","href":"https:\/\/api.w.org\/{rel}","templated":true}]}}