{"id":144,"date":"2025-01-21T11:11:23","date_gmt":"2025-01-21T09:11:23","guid":{"rendered":"https:\/\/stenuesson23.thkit.ee\/restoranile\/?page_id=144"},"modified":"2025-06-20T23:36:36","modified_gmt":"2025-06-20T21:36:36","slug":"praed","status":"publish","type":"page","link":"https:\/\/stenuesson23.thkit.ee\/restoranile\/menuu\/praed\/","title":{"rendered":"Praed"},"content":{"rendered":"\n<div class=\"wp-block-group alignfull has-background-background-color has-background has-global-padding is-layout-constrained wp-container-core-group-is-layout-832022f9 wp-block-group-is-layout-constrained\" style=\"margin-top:0;margin-bottom:0;padding-top:0;padding-right:0;padding-bottom:0;padding-left:0\">\n<div class=\"wp-block-cover alignfull\" style=\"padding-top:0;padding-right:var(--wp--preset--spacing--30);padding-bottom:0;padding-left:var(--wp--preset--spacing--30);min-height:50px;aspect-ratio:unset;\"><img loading=\"lazy\" decoding=\"async\" width=\"1280\" height=\"853\" class=\"wp-block-cover__image-background wp-image-31\" alt=\"\" src=\"https:\/\/stenuesson23.thkit.ee\/restoranile\/wp-content\/uploads\/2024\/12\/51f77354805424d185f3be4212c355f49ee27bd8.jpg\" data-object-fit=\"cover\" srcset=\"https:\/\/stenuesson23.thkit.ee\/restoranile\/wp-content\/uploads\/2024\/12\/51f77354805424d185f3be4212c355f49ee27bd8.jpg 1280w, https:\/\/stenuesson23.thkit.ee\/restoranile\/wp-content\/uploads\/2024\/12\/51f77354805424d185f3be4212c355f49ee27bd8-300x200.jpg 300w, https:\/\/stenuesson23.thkit.ee\/restoranile\/wp-content\/uploads\/2024\/12\/51f77354805424d185f3be4212c355f49ee27bd8-1024x682.jpg 1024w, https:\/\/stenuesson23.thkit.ee\/restoranile\/wp-content\/uploads\/2024\/12\/51f77354805424d185f3be4212c355f49ee27bd8-768x512.jpg 768w, https:\/\/stenuesson23.thkit.ee\/restoranile\/wp-content\/uploads\/2024\/12\/51f77354805424d185f3be4212c355f49ee27bd8-600x400.jpg 600w\" sizes=\"auto, (max-width: 1280px) 100vw, 1280px\" \/><span aria-hidden=\"true\" class=\"wp-block-cover__background has-black-background-color has-background-dim-60 has-background-dim\"><\/span><div class=\"wp-block-cover__inner-container is-layout-flow wp-block-cover-is-layout-flow\">\n<div class=\"wp-block-group has-global-padding is-layout-constrained wp-block-group-is-layout-constrained\" style=\"padding-top:var(--wp--preset--spacing--60);padding-bottom:var(--wp--preset--spacing--60)\">\n<div class=\"wp-block-group alignwide has-global-padding is-content-justification-left is-layout-constrained wp-container-core-group-is-layout-12dd3699 wp-block-group-is-layout-constrained\">\n<h1 class=\"wp-block-heading has-text-color has-x-large-font-size\" style=\"color:#fffffffc\">Lokomotiivi Men\u00fc\u00fc<\/h1>\n\n\n\n<p class=\"has-text-color\" style=\"color:#fffffffc;margin-top:16px\">Lokomotiiv toitlustus &#8211; Kuninglikud maitsed Tartu s\u00fcdames.<\/p>\n<\/div>\n<\/div>\n<\/div><\/div>\n<\/div>\n\n\n\n<div class=\"wp-block-group alignfull has-tertiary-background-color has-background has-global-padding is-layout-constrained wp-container-core-group-is-layout-595fda26 wp-block-group-is-layout-constrained\" id=\"menyy\" style=\"padding-top:0;padding-right:0;padding-bottom:0;padding-left:0\">\n<div class=\"wp-block-cover alignfull\" style=\"padding-top:var(--wp--preset--spacing--70);padding-right:var(--wp--preset--spacing--20);padding-bottom:var(--wp--preset--spacing--70);padding-left:var(--wp--preset--spacing--20);min-height:720px;aspect-ratio:unset;\"><img decoding=\"async\" class=\"wp-block-cover__image-background wp-image-34\" alt=\"\" src=\"https:\/\/stenuesson23.thkit.ee\/restoranile\/wp-content\/uploads\/2024\/12\/e1460ade2e4a0157b208dbbaeb49a0bf280ec9e5.jpg\" data-object-fit=\"cover\"\/><span aria-hidden=\"true\" class=\"wp-block-cover__background has-background-dim-80 has-background-dim\"><\/span><div class=\"wp-block-cover__inner-container has-global-padding is-layout-constrained wp-container-core-cover-is-layout-7d4616fb wp-block-cover-is-layout-constrained\">\n<div class=\"wp-block-group alignwide has-global-padding is-content-justification-center is-layout-constrained wp-block-group-is-layout-constrained\" style=\"margin-bottom:var(--wp--preset--spacing--50)\">\n<h2 class=\"wp-block-heading has-text-align-center has-large-font-size\">Maitsemeele R\u00e4nnak &#8211; Erilised H\u00f5rgutised<\/h2>\n\n\n\n<p class=\"has-text-align-center\" style=\"margin-top:16px\">Lokomotiiv Toitlustus &#8211; stiilne peatuspaik Tartus. Kuninglik men\u00fc\u00fc, kohalikud maitsed, teenindus nagu oleksid royalne isik.<\/p>\n<\/div>\n\n\n\n<h2 class=\"wp-block-heading alignwide\">Praed<\/h2>\n\n\n\n<div class=\"wp-block-columns alignwide is-layout-flex wp-container-core-columns-is-layout-b6100464 wp-block-columns-is-layout-flex\">\n<div class=\"wp-block-column is-vertically-aligned-center is-layout-flow wp-block-column-is-layout-flow\">\n<div class=\"wp-block-group is-content-justification-space-between is-layout-flex wp-container-core-group-is-layout-cba2a4a7 wp-block-group-is-layout-flex\">\n<h3 class=\"wp-block-heading\" style=\"font-size:clamp(14px, 0.875rem + ((1vw - 3.2px) * 0.625), 20px);line-height:1.5\">Suurus <\/h3>\n\n\n\n<h3 class=\"wp-block-heading\" style=\"font-size:clamp(14px, 0.875rem + ((1vw - 3.2px) * 0.625), 20px);line-height:1.5\">S<\/h3>\n\n\n\n<h3 class=\"wp-block-heading\" style=\"font-size:clamp(14px, 0.875rem + ((1vw - 3.2px) * 0.625), 20px);line-height:1.5\">XL<\/h3>\n<\/div>\n\n\n\n<div class=\"wp-block-group is-content-justification-space-between is-layout-flex wp-container-core-group-is-layout-cba2a4a7 wp-block-group-is-layout-flex\">\n<h3 class=\"wp-block-heading wp-container-content-759e20a8\" style=\"font-size:clamp(14px, 0.875rem + ((1vw - 3.2px) * 0.625), 20px);line-height:1.5\">Prokur\u00f6ri H\u00e4rjafilee<\/h3>\n\n\n\n<h3 class=\"wp-block-heading\" style=\"font-size:clamp(14px, 0.875rem + ((1vw - 3.2px) * 0.625), 20px);line-height:1.5\">95\u20ac<\/h3>\n\n\n\n<h3 class=\"wp-block-heading\" style=\"font-size:clamp(14px, 0.875rem + ((1vw - 3.2px) * 0.625), 20px);line-height:1.5\">125\u20ac<\/h3>\n<\/div>\n\n\n\n<div class=\"wp-block-group is-content-justification-space-between is-layout-flex wp-container-core-group-is-layout-cba2a4a7 wp-block-group-is-layout-flex\">\n<h3 class=\"wp-block-heading wp-container-content-759e20a8\" style=\"font-size:clamp(14px, 0.875rem + ((1vw - 3.2px) * 0.625), 20px);line-height:1.5\">Maakleri Kaelakarbonaad<\/h3>\n\n\n\n<h3 class=\"wp-block-heading\" style=\"font-size:clamp(14px, 0.875rem + ((1vw - 3.2px) * 0.625), 20px);line-height:1.5\">70\u20ac<\/h3>\n\n\n\n<h3 class=\"wp-block-heading\" style=\"font-size:clamp(14px, 0.875rem + ((1vw - 3.2px) * 0.625), 20px);line-height:1.5\">85\u20ac<\/h3>\n<\/div>\n\n\n\n<div class=\"wp-block-group is-content-justification-space-between is-layout-flex wp-container-core-group-is-layout-cba2a4a7 wp-block-group-is-layout-flex\">\n<h3 class=\"wp-block-heading wp-container-content-759e20a8\" style=\"font-size:clamp(14px, 0.875rem + ((1vw - 3.2px) * 0.625), 20px);line-height:1.5\">Advokaadi Seafilee<\/h3>\n\n\n\n<h3 class=\"wp-block-heading\" style=\"font-size:clamp(14px, 0.875rem + ((1vw - 3.2px) * 0.625), 20px);line-height:1.5\">75\u20ac<\/h3>\n\n\n\n<h3 class=\"wp-block-heading\" style=\"font-size:clamp(14px, 0.875rem + ((1vw - 3.2px) * 0.625), 20px);line-height:1.5\">95\u20ac<\/h3>\n<\/div>\n\n\n\n<div class=\"wp-block-group is-content-justification-space-between is-layout-flex wp-container-core-group-is-layout-cba2a4a7 wp-block-group-is-layout-flex\">\n<h3 class=\"wp-block-heading wp-container-content-759e20a8\" style=\"font-size:clamp(14px, 0.875rem + ((1vw - 3.2px) * 0.625), 20px);line-height:1.5\">Kohtuniku Kanafilee<\/h3>\n\n\n\n<h3 class=\"wp-block-heading\" style=\"font-size:clamp(14px, 0.875rem + ((1vw - 3.2px) * 0.625), 20px);line-height:1.5\">65\u20ac<\/h3>\n\n\n\n<h3 class=\"wp-block-heading\" style=\"font-size:clamp(14px, 0.875rem + ((1vw - 3.2px) * 0.625), 20px);line-height:1.5\">85\u20ac<\/h3>\n<\/div>\n\n\n\n<div class=\"wp-block-group is-content-justification-space-between is-layout-flex wp-container-core-group-is-layout-cba2a4a7 wp-block-group-is-layout-flex\">\n<h3 class=\"wp-block-heading wp-container-content-759e20a8\" style=\"font-size:clamp(14px, 0.875rem + ((1vw - 3.2px) * 0.625), 20px);line-height:1.5\">\u00c4rimehe L\u00f5he<\/h3>\n\n\n\n<h3 class=\"wp-block-heading\" style=\"font-size:clamp(14px, 0.875rem + ((1vw - 3.2px) * 0.625), 20px);line-height:1.5\">80\u20ac<\/h3>\n\n\n\n<h3 class=\"wp-block-heading\" style=\"font-size:clamp(14px, 0.875rem + ((1vw - 3.2px) * 0.625), 20px);line-height:1.5\">100\u20ac<\/h3>\n<\/div>\n\n\n\n<div class=\"wp-block-group is-content-justification-space-between is-layout-flex wp-container-core-group-is-layout-cba2a4a7 wp-block-group-is-layout-flex\">\n<h3 class=\"wp-block-heading wp-container-content-952c586e\" style=\"font-size:clamp(14px, 0.875rem + ((1vw - 3.2px) * 0.625), 20px);line-height:1.5\">R\u00e4vala R\u00e4imefileed<\/h3>\n\n\n\n<h3 class=\"wp-block-heading\" style=\"font-size:clamp(14px, 0.875rem + ((1vw - 3.2px) * 0.625), 20px);line-height:1.5\">55\u20ac<\/h3>\n\n\n\n<h3 class=\"wp-block-heading\" style=\"font-size:clamp(14px, 0.875rem + ((1vw - 3.2px) * 0.625), 20px);line-height:1.5\">75\u20ac<\/h3>\n<\/div>\n\n\n\n<div class=\"wp-block-group is-content-justification-space-between is-layout-flex wp-container-core-group-is-layout-cba2a4a7 wp-block-group-is-layout-flex\">\n<h3 class=\"wp-block-heading wp-container-content-952c586e\" style=\"font-size:clamp(14px, 0.875rem + ((1vw - 3.2px) * 0.625), 20px);line-height:1.5\">Ministri Grillvorstid<\/h3>\n\n\n\n<h3 class=\"wp-block-heading\" style=\"font-size:clamp(14px, 0.875rem + ((1vw - 3.2px) * 0.625), 20px);line-height:1.5\">55\u20ac<\/h3>\n\n\n\n<h3 class=\"wp-block-heading\" style=\"font-size:clamp(14px, 0.875rem + ((1vw - 3.2px) * 0.625), 20px);line-height:1.5\">75\u20ac<\/h3>\n<\/div>\n<\/div>\n<\/div>\n\n\n\n<h2 class=\"wp-block-heading alignwide\">Lisandid praele:<\/h2>\n\n\n\n<div class=\"wp-block-columns alignwide is-layout-flex wp-container-core-columns-is-layout-28f84493 wp-block-columns-is-layout-flex\">\n<div class=\"wp-block-column is-vertically-aligned-center is-layout-flow wp-block-column-is-layout-flow\">\n<ul class=\"wp-block-list\">\n<li><strong>Keedukartul<\/strong><\/li>\n\n\n\n<li><strong>Friikartul<\/strong><\/li>\n\n\n\n<li><strong>\u00dcrdikartul <\/strong><\/li>\n\n\n\n<li><strong>Kartulikroketid <\/strong><\/li>\n\n\n\n<li><strong>Riis<\/strong> <\/li>\n\n\n\n<li><strong>BBQ kaste <\/strong><\/li>\n\n\n\n<li><strong>K\u00fc\u00fcslaugukaste <\/strong><\/li>\n\n\n\n<li><strong>Veinikaste<\/strong><\/li>\n\n\n\n<li><strong>Currykaste <\/strong><\/li>\n\n\n\n<li><strong>Tartarkaste<\/strong><\/li>\n<\/ul>\n<\/div>\n<\/div>\n<\/div><\/div>\n<\/div>\n\n\n\n<div class=\"wp-block-group alignfull has-background-background-color has-background has-global-padding is-layout-constrained wp-container-core-group-is-layout-fb85e995 wp-block-group-is-layout-constrained\" style=\"margin-top:0;margin-bottom:0;padding-top:var(--wp--preset--spacing--60);padding-right:var(--wp--preset--spacing--30);padding-bottom:var(--wp--preset--spacing--60);padding-left:var(--wp--preset--spacing--30)\">\n<div class=\"wp-block-group has-global-padding is-layout-constrained wp-block-group-is-layout-constrained\">\n<h2 class=\"wp-block-heading has-text-align-center has-large-font-size\">Erilised pakkumised ja hinnasoodustused<\/h2>\n\n\n\n<p class=\"has-text-align-center\" style=\"margin-top:16px\">Avasta meie eksklusiivsed pakkumised ja maitse kuninglikke roogasid soodushindadega. Men\u00fc\u00fc ulatub v\u00e4rsketest mereandidest h\u00f5rgutavate magustoitudeni. Tule ja naudi elegantset atmosf\u00e4\u00e4ri, kvaliteetset toitu ning s\u00f5bralikku teenindust!<\/p>\n<\/div>\n\n\n\n<div class=\"wp-block-columns alignwide are-vertically-aligned-top is-layout-flex wp-container-core-columns-is-layout-87beb0d0 wp-block-columns-is-layout-flex\">\n<div class=\"wp-block-column is-vertically-aligned-top is-layout-flow wp-block-column-is-layout-flow\">\n<div class=\"wp-block-group has-tertiary-background-color has-background has-global-padding is-layout-constrained wp-container-core-group-is-layout-80fb368b wp-block-group-is-layout-constrained\" style=\"border-radius:4px;padding-top:var(--wp--preset--spacing--30);padding-right:var(--wp--preset--spacing--30);padding-bottom:var(--wp--preset--spacing--30);padding-left:var(--wp--preset--spacing--30)\">\n<figure class=\"wp-block-image size-large is-resized ext-aspect-landscape wp-duotone-primary-foreground\"><img decoding=\"async\" src=\"data:image\/svg+xml;base64,PHN2ZyB4bWxucz0iaHR0cDovL3d3dy53My5vcmcvMjAwMC9zdmciIHdpZHRoPSI0OCIgaGVpZ2h0PSI0OCIgZmlsbD0ibm9uZSIgdmlld0JveD0iMCAwIDQ4IDQ4Ij48bWFzayBpZD0iYSIgd2lkdGg9IjQ4IiBoZWlnaHQ9IjQ4IiB4PSIwIiB5PSIwIiBtYXNrVW5pdHM9InVzZXJTcGFjZU9uVXNlIiBzdHlsZT0ibWFzay10eXBlOmFscGhhIj48cGF0aCBmaWxsPSIjRDlEOUQ5IiBkPSJNMCAwaDQ4djQ4SDB6Ii8+PC9tYXNrPjxnIG1hc2s9InVybCgjYSkiPjxwYXRoIGZpbGw9IiMxQzFCMUYiIGQ9Im00IDQ0IDkuMy0yNiAxNi44NSAxNi42NUw0IDQ0Wm01LjA1LTUuMDUgMTUuNy01LjYtMTAuMTUtMTAuMi01LjU1IDE1LjhabTE4LjgtMTMuMi0xLjctMS43IDEyLTEyYzEuMDY3LTEuMDY3IDIuNDE3LTEuNjA4IDQuMDUtMS42MjUgMS42MzMtLjAxNyAyLjk4My41MDggNC4wNSAxLjU3NWwuODUuODUtMS43IDEuNy0uOTUtLjk1Yy0uNjMzLS42MzMtMS4zNjctLjk1OC0yLjItLjk3NS0uODMzLS4wMTctMS41ODMuMzA4LTIuMjUuOTc1TDI3Ljg1IDI1Ljc1Wk0xOS45IDE4bC0xLjctMS43IDEuNS0xLjVjLjc2Ny0uNzY3IDEuMTI1LTEuNjQyIDEuMDc1LTIuNjI1LS4wNS0uOTgzLS40MDgtMS44MDgtMS4wNzUtMi40NzVsLTEuNC0xLjRMMjAgNi42bDEuMyAxLjNjMS4xNjcgMS4xNjcgMS43NDIgMi42MjUgMS43MjUgNC4zNzUtLjAxNyAxLjc1LS42MDggMy4yMDgtMS43NzUgNC4zNzVMMTkuOSAxOFptNC4wNSAzLjg1LTEuNy0xLjcgNy42LTcuNmMuNjMzLS42MzMuOTQyLTEuNDQyLjkyNS0yLjQyNS0uMDE3LS45ODMtLjM0Mi0xLjc5Mi0uOTc1LTIuNDI1bC0zLjA1LTMuMDUgMS43LTEuN0wzMS42IDYuMWMxLjAzMyAxLjA2NyAxLjU2NyAyLjQwOCAxLjYgNC4wMjUuMDMzIDEuNjE3LS40ODMgMi45NTgtMS41NSA0LjAyNWwtNy43IDcuN1ptNy45IDcuOTUtMS43LTEuNyAyLjM1LTIuMzVjMS4xNjctMS4xNjcgMi41NjctMS43NjcgNC4yLTEuOCAxLjYzMy0uMDMzIDMuMDMzLjUzMyA0LjIgMS43bDIuNTUgMi41NS0xLjcgMS43LTIuNi0yLjZjLS43NjctLjc2Ny0xLjU2Ny0xLjE1LTIuNC0xLjE1cy0xLjYzMy4zODMtMi40IDEuMTVsLTIuNSAyLjVaIi8+PC9nPjwvc3ZnPg==\" alt=\"\" style=\"object-fit:cover;width:48px;height:48px\"\/><\/figure>\n\n\n\n<h3 class=\"wp-block-heading\" style=\"margin-top:24px;font-size:clamp(14px, 0.875rem + ((1vw - 3.2px) * 0.625), 20px);line-height:1.5\">Maitsev R\u00e4nnak &#8211; Eripakkumised<\/h3>\n\n\n\n<p class=\"has-small-font-size\" style=\"margin-top:8px\">Oota p\u00f5nevaid maitseelamusi ja avasta meie uued road soodushinnaga! Naudi kuninglikke maitseid parimatest koostisosadest!<\/p>\n<\/div>\n<\/div>\n\n\n\n<div class=\"wp-block-column is-vertically-aligned-top is-layout-flow wp-container-core-column-is-layout-f5bb311e wp-block-column-is-layout-flow\">\n<div class=\"wp-block-group has-tertiary-background-color has-background has-global-padding is-layout-constrained wp-container-core-group-is-layout-80fb368b wp-block-group-is-layout-constrained\" style=\"border-radius:4px;padding-top:var(--wp--preset--spacing--30);padding-right:var(--wp--preset--spacing--30);padding-bottom:var(--wp--preset--spacing--30);padding-left:var(--wp--preset--spacing--30)\">\n<figure class=\"wp-block-image size-large is-resized ext-aspect-landscape wp-duotone-primary-foreground\"><img decoding=\"async\" src=\"data:image\/svg+xml;base64,PHN2ZyB4bWxucz0iaHR0cDovL3d3dy53My5vcmcvMjAwMC9zdmciIHdpZHRoPSI0OCIgaGVpZ2h0PSI0OCIgZmlsbD0ibm9uZSIgdmlld0JveD0iMCAwIDQ4IDQ4Ij48bWFzayBpZD0iYSIgd2lkdGg9IjQ4IiBoZWlnaHQ9IjQ4IiB4PSIwIiB5PSIwIiBtYXNrVW5pdHM9InVzZXJTcGFjZU9uVXNlIiBzdHlsZT0ibWFzay10eXBlOmFscGhhIj48cGF0aCBmaWxsPSIjRDlEOUQ5IiBkPSJNMCAwaDQ4djQ4SDB6Ii8+PC9tYXNrPjxnIG1hc2s9InVybCgjYSkiPjxwYXRoIGZpbGw9IiMxQzFCMUYiIGQ9Ik0zNi41IDI1LjV2LTNINDR2M2gtNy41Wk0zOSA0MGwtNi4wNS00LjUgMS44LTIuNCA2LjA1IDQuNUwzOSA0MFptLTQuMS0yNS4xNS0xLjgtMi40TDM5IDhsMS44IDIuNC01LjkgNC40NVpNMTAuNSAzOHYtOEg3YTIuODg3IDIuODg3IDAgMCAxLTIuMTE5LS44ODFBMi44ODggMi44ODggMCAwIDEgNCAyN3YtNmMwLS44MjUuMjk0LTEuNTMxLjg4MS0yLjExOUEyLjg4OSAyLjg4OSAwIDAgMSA3IDE4aDlsMTAtNnYyNGwtMTAtNmgtMi41djhoLTNaTTIzIDMwLjdWMTcuM0wxNi44IDIxSDd2Nmg5LjhsNi4yIDMuN1ptNSAwVjE3LjNjLjkuOCAxLjYyNSAxLjc3NSAyLjE3NSAyLjkyNS41NSAxLjE1LjgyNSAyLjQwOC44MjUgMy43NzVzLS4yNzUgMi42MjUtLjgyNSAzLjc3NUE5LjEzNCA5LjEzNCAwIDAgMSAyOCAzMC43WiIvPjwvZz48L3N2Zz4=\" alt=\"\" style=\"object-fit:cover;width:48px;height:48px\"\/><\/figure>\n\n\n\n<h3 class=\"wp-block-heading\" style=\"margin-top:24px;font-size:clamp(14px, 0.875rem + ((1vw - 3.2px) * 0.625), 20px);line-height:1.5\">Erakordsed sooduspakkumised<\/h3>\n\n\n\n<p class=\"has-small-font-size\" style=\"margin-top:8px\">Erilised hinnapakkumised &#8211; maitsvad road suurep\u00e4rase hinnaga! Avasta kohe!<\/p>\n<\/div>\n<\/div>\n<\/div>\n<\/div>\n\n\n\n<div class=\"wp-block-group alignfull has-tertiary-background-color has-background has-global-padding is-layout-constrained wp-container-core-group-is-layout-c03f3b2a wp-block-group-is-layout-constrained\" style=\"padding-top:var(--wp--preset--spacing--60);padding-right:var(--wp--preset--spacing--30);padding-bottom:var(--wp--preset--spacing--60);padding-left:var(--wp--preset--spacing--30)\">\n<div class=\"wp-block-media-text alignwide has-media-on-the-right is-stacked-on-mobile is-vertically-aligned-center is-image-fill-element\" style=\"padding-right:0;padding-left:0;grid-template-columns:auto 40%\"><div class=\"wp-block-media-text__content\">\n<div class=\"wp-block-group has-global-padding is-content-justification-left is-layout-constrained wp-container-core-group-is-layout-cdff7eec wp-block-group-is-layout-constrained\" style=\"padding-top:var(--wp--preset--spacing--30);padding-right:0;padding-bottom:var(--wp--preset--spacing--30);padding-left:0\">\n<h2 class=\"wp-block-heading has-large-font-size\">Reserveeri laud kohe ja koge meie elegantsust!<\/h2>\n\n\n\n<p style=\"margin-top:16px\">Tere tulemast Lokomotiiv toitlustusse! Meie restoran pakub kuninglikku men\u00fc\u00fcd, mis viib teid maitseelamuste maailma. Nautige elegantset k\u00f6\u00f6ki ja s\u00f5bralikku teenindust. Broneerige laud juba t\u00e4na!<\/p>\n\n\n\n<ul style=\"line-height:2\" class=\"wp-block-list has-small-font-size\">\n<li>Kuninglik men\u00fc\u00fc<\/li>\n\n\n\n<li>Looduslikud koostisosad<\/li>\n\n\n\n<li>Elegantne atmosf\u00e4\u00e4r<\/li>\n\n\n\n<li>S\u00f5bralik vastuv\u00f5tt<\/li>\n\n\n\n<li>Keskne asukoht<\/li>\n<\/ul>\n\n\n\n<div class=\"wp-block-buttons is-layout-flex wp-container-core-buttons-is-layout-12dcd427 wp-block-buttons-is-layout-flex\" style=\"margin-top:var(--wp--preset--spacing--40)\">\n<div class=\"wp-block-button\"><a class=\"wp-block-button__link wp-element-button\" href=\"https:\/\/stenuesson23.thkit.ee\/restoranile\/broneeringud\/\">Broneeri laud<\/a><\/div>\n<\/div>\n<\/div>\n<\/div><figure class=\"wp-block-media-text__media\"><img loading=\"lazy\" decoding=\"async\" width=\"1280\" height=\"1707\" src=\"https:\/\/stenuesson23.thkit.ee\/restoranile\/wp-content\/uploads\/2024\/12\/29626528ea39e1aa5d8d67457254a13d77bf5148.jpg\" alt=\"\" class=\"wp-image-35 size-full\" style=\"object-position:50% 50%\" srcset=\"https:\/\/stenuesson23.thkit.ee\/restoranile\/wp-content\/uploads\/2024\/12\/29626528ea39e1aa5d8d67457254a13d77bf5148.jpg 1280w, https:\/\/stenuesson23.thkit.ee\/restoranile\/wp-content\/uploads\/2024\/12\/29626528ea39e1aa5d8d67457254a13d77bf5148-225x300.jpg 225w, https:\/\/stenuesson23.thkit.ee\/restoranile\/wp-content\/uploads\/2024\/12\/29626528ea39e1aa5d8d67457254a13d77bf5148-768x1024.jpg 768w, https:\/\/stenuesson23.thkit.ee\/restoranile\/wp-content\/uploads\/2024\/12\/29626528ea39e1aa5d8d67457254a13d77bf5148-1152x1536.jpg 1152w, https:\/\/stenuesson23.thkit.ee\/restoranile\/wp-content\/uploads\/2024\/12\/29626528ea39e1aa5d8d67457254a13d77bf5148-600x800.jpg 600w\" sizes=\"auto, (max-width: 1280px) 100vw, 1280px\" \/><\/figure><\/div>\n<\/div>\n","protected":false},"excerpt":{"rendered":"<p>Erilised pakkumised ja hinnasoodustused Avasta meie eksklusiivsed pakkumised ja maitse kuninglikke roogasid soodushindadega. Men\u00fc\u00fc ulatub v\u00e4rsketest mereandidest h\u00f5rgutavate magustoitudeni. Tule ja naudi elegantset atmosf\u00e4\u00e4ri, kvaliteetset toitu ning s\u00f5bralikku teenindust! Maitsev R\u00e4nnak &#8211; Eripakkumised Oota p\u00f5nevaid maitseelamusi ja avasta meie uued road soodushinnaga! Naudi kuninglikke maitseid parimatest koostisosadest! Erakordsed sooduspakkumised Erilised hinnapakkumised &#8211; maitsvad road suurep\u00e4rase [&hellip;]<\/p>\n","protected":false},"author":1,"featured_media":0,"parent":19,"menu_order":0,"comment_status":"closed","ping_status":"closed","template":"","meta":{"footnotes":""},"class_list":["post-144","page","type-page","status-publish","hentry"],"_links":{"self":[{"href":"https:\/\/stenuesson23.thkit.ee\/restoranile\/wp-json\/wp\/v2\/pages\/144","targetHints":{"allow":["GET"]}}],"collection":[{"href":"https:\/\/stenuesson23.thkit.ee\/restoranile\/wp-json\/wp\/v2\/pages"}],"about":[{"href":"https:\/\/stenuesson23.thkit.ee\/restoranile\/wp-json\/wp\/v2\/types\/page"}],"author":[{"embeddable":true,"href":"https:\/\/stenuesson23.thkit.ee\/restoranile\/wp-json\/wp\/v2\/users\/1"}],"replies":[{"embeddable":true,"href":"https:\/\/stenuesson23.thkit.ee\/restoranile\/wp-json\/wp\/v2\/comments?post=144"}],"version-history":[{"count":2,"href":"https:\/\/stenuesson23.thkit.ee\/restoranile\/wp-json\/wp\/v2\/pages\/144\/revisions"}],"predecessor-version":[{"id":168,"href":"https:\/\/stenuesson23.thkit.ee\/restoranile\/wp-json\/wp\/v2\/pages\/144\/revisions\/168"}],"up":[{"embeddable":true,"href":"https:\/\/stenuesson23.thkit.ee\/restoranile\/wp-json\/wp\/v2\/pages\/19"}],"wp:attachment":[{"href":"https:\/\/stenuesson23.thkit.ee\/restoranile\/wp-json\/wp\/v2\/media?parent=144"}],"curies":[{"name":"wp","href":"https:\/\/api.w.org\/{rel}","templated":true}]}}