{"id":99,"date":"2025-01-07T11:30:26","date_gmt":"2025-01-07T11:30:26","guid":{"rendered":"https:\/\/stenuesson23.thkit.ee\/Portfoolio\/?page_id=99"},"modified":"2025-01-07T13:41:25","modified_gmt":"2025-01-07T13:41:25","slug":"veebirakenduste-loomise-alused","status":"publish","type":"page","link":"https:\/\/stenuesson23.thkit.ee\/Portfoolio\/?page_id=99","title":{"rendered":"Veebirakenduste Loomise Alused"},"content":{"rendered":"\n<div class=\"wp-block-group alignfull has-background-background-color has-background has-global-padding is-layout-constrained wp-container-core-group-is-layout-7276a2bb wp-block-group-is-layout-constrained\" style=\"margin-top:0;margin-bottom:0;padding-top:var(--wp--preset--spacing--60);padding-right:var(--wp--preset--spacing--30);padding-bottom:var(--wp--preset--spacing--60);padding-left:var(--wp--preset--spacing--30)\">\n<div class=\"wp-block-columns alignwide is-layout-flex wp-container-core-columns-is-layout-fa584acd wp-block-columns-is-layout-flex\">\n<div class=\"wp-block-column is-layout-flow wp-block-column-is-layout-flow\">\n<p>\u00d5pilane<br>\u2022 kasutab HTML, XML, CSS jt m\u00e4rgendikeeli lihtsate veebilehtede koostamiseks<br>\u2022 selgitab veebip\u00f5histe rakenduste erip\u00e4rasid, v\u00f5rreldes lokaalselt t\u00f6\u00f6tavate v\u00f5i nn paksu kliendi najal realiseeritud s\u00fcsteemidega<br>\u2022 tagab erinevate veebilehitsejatega veebirakenduste t\u00f6\u00f6<br>\u2022 selgitab veebis\u00fcsteemide t\u00f6\u00f6p\u00f5him\u00f5tteid \u00f5ppe- ja inglise keeles, p\u00e4ringu (request) sessiooni ja vastuse (response) olemust<br>\u2022 loob lihtsama veebirakenduse LAMP-platvormil<br>\u2022 loob lihtsama JVM-p\u00f5hise veebirakenduse ning k\u00e4ivitab selle rakenduskonteineris (Jetty, Tomcat vms)<br>\u2022 loob lihtsama ASP.NET veebirakenduse (kas veebivormi v\u00f5i MVC rakenduse)<br>\u2022 arvestab oma veebirakenduse loomisel turvalisuse n\u00f5uetega<br>\u2022 arvestab rakenduse disainimisel k\u00e4ideldavuse n\u00f5uetega<br>\u2022 oskab anda muutujaile, meetoditele, klassidele jne korrektsed, \u00fcheselt m\u00f5istetavad ning koodistandardile vastavad ingliskeelsed nimetused<\/p>\n<\/div>\n\n\n\n<div class=\"wp-block-column is-layout-flow wp-block-column-is-layout-flow\" style=\"flex-basis:50%\">\n<h2 class=\"wp-block-heading has-large-font-size\">V\u00f5ta \u00fchendust andeka veebidisaineriga Tallinnast, et luua unikaalne ja kaasahaarav veebileht<\/h2>\n\n\n\n<p><strong>Tallinna tn 1<\/strong><\/p>\n\n\n\n<p style=\"margin-top:0\"><strong>Tallinn, Eesti<\/strong><\/p>\n\n\n\n<p class=\"has-small-font-size\" style=\"margin-top:8px\">12345678<\/p>\n\n\n\n<p class=\"has-small-font-size\" style=\"margin-top:8px\">info@yourdomain.com<\/p>\n\n\n\n<p> <\/p>\n\n\n\n<figure class=\"wp-block-image size-large has-custom-border\" style=\"margin-top:0;margin-right:0;margin-bottom:0;margin-left:0\"><img decoding=\"async\" src=\"https:\/\/stenuesson23.thkit.ee\/Portfoolio\/wp-content\/uploads\/2025\/01\/Website_Design_Img.jpg\" alt=\"\" class=\"has-border-color has-tertiary-border-color\" style=\"border-width:4px\"\/><\/figure>\n<\/div>\n<\/div>\n<\/div>\n","protected":false},"excerpt":{"rendered":"<p>\u00d5pilane\u2022 kasutab HTML, XML, CSS jt m\u00e4rgendikeeli lihtsate veebilehtede koostamiseks\u2022 selgitab veebip\u00f5histe rakenduste erip\u00e4rasid, v\u00f5rreldes lokaalselt t\u00f6\u00f6tavate v\u00f5i nn paksu kliendi najal realiseeritud s\u00fcsteemidega\u2022 tagab erinevate veebilehitsejatega veebirakenduste t\u00f6\u00f6\u2022 selgitab veebis\u00fcsteemide t\u00f6\u00f6p\u00f5him\u00f5tteid \u00f5ppe- ja inglise keeles, p\u00e4ringu (request) sessiooni ja vastuse (response) olemust\u2022 loob lihtsama veebirakenduse LAMP-platvormil\u2022 loob lihtsama JVM-p\u00f5hise veebirakenduse ning k\u00e4ivitab selle rakenduskonteineris [&hellip;]<\/p>\n","protected":false},"author":1,"featured_media":0,"parent":92,"menu_order":0,"comment_status":"closed","ping_status":"closed","template":"","meta":{"footnotes":""},"class_list":["post-99","page","type-page","status-publish","hentry"],"_links":{"self":[{"href":"https:\/\/stenuesson23.thkit.ee\/Portfoolio\/index.php?rest_route=\/wp\/v2\/pages\/99","targetHints":{"allow":["GET"]}}],"collection":[{"href":"https:\/\/stenuesson23.thkit.ee\/Portfoolio\/index.php?rest_route=\/wp\/v2\/pages"}],"about":[{"href":"https:\/\/stenuesson23.thkit.ee\/Portfoolio\/index.php?rest_route=\/wp\/v2\/types\/page"}],"author":[{"embeddable":true,"href":"https:\/\/stenuesson23.thkit.ee\/Portfoolio\/index.php?rest_route=\/wp\/v2\/users\/1"}],"replies":[{"embeddable":true,"href":"https:\/\/stenuesson23.thkit.ee\/Portfoolio\/index.php?rest_route=%2Fwp%2Fv2%2Fcomments&post=99"}],"version-history":[{"count":4,"href":"https:\/\/stenuesson23.thkit.ee\/Portfoolio\/index.php?rest_route=\/wp\/v2\/pages\/99\/revisions"}],"predecessor-version":[{"id":118,"href":"https:\/\/stenuesson23.thkit.ee\/Portfoolio\/index.php?rest_route=\/wp\/v2\/pages\/99\/revisions\/118"}],"up":[{"embeddable":true,"href":"https:\/\/stenuesson23.thkit.ee\/Portfoolio\/index.php?rest_route=\/wp\/v2\/pages\/92"}],"wp:attachment":[{"href":"https:\/\/stenuesson23.thkit.ee\/Portfoolio\/index.php?rest_route=%2Fwp%2Fv2%2Fmedia&parent=99"}],"curies":[{"name":"wp","href":"https:\/\/api.w.org\/{rel}","templated":true}]}}