{"id":96,"date":"2025-01-07T11:24:54","date_gmt":"2025-01-07T11:24:54","guid":{"rendered":"https:\/\/stenuesson23.thkit.ee\/Portfoolio\/?page_id=96"},"modified":"2025-01-07T12:29:16","modified_gmt":"2025-01-07T12:29:16","slug":"programmeerimine","status":"publish","type":"page","link":"https:\/\/stenuesson23.thkit.ee\/Portfoolio\/?page_id=96","title":{"rendered":"Programmeerimine"},"content":{"rendered":"\n<div class=\"wp-block-group alignfull has-background-background-color has-background has-global-padding is-layout-constrained wp-container-core-group-is-layout-7276a2bb wp-block-group-is-layout-constrained\" style=\"margin-top:0;margin-bottom:0;padding-top:var(--wp--preset--spacing--60);padding-right:var(--wp--preset--spacing--30);padding-bottom:var(--wp--preset--spacing--60);padding-left:var(--wp--preset--spacing--30)\">\n<div class=\"wp-block-columns alignwide are-vertically-aligned-center is-layout-flex wp-container-core-columns-is-layout-47c06fe3 wp-block-columns-is-layout-flex\">\n<div class=\"wp-block-column is-vertically-aligned-center is-layout-flow wp-block-column-is-layout-flow\" style=\"flex-basis:55%\">\n<h3 class=\"wp-block-heading\" style=\"margin-top:12px\">Programmeerimine: loovad ja kasutajas\u00f5bralikud Programmid<\/h3>\n\n\n\n<p style=\"margin-top:16px\">\u00d5pilane<br>\u2022 loetleb enamlevinud programmeerimismustreid ja selgitab nende olemust<br>\u2022 valib vastavalt l\u00e4hte\u00fclesandele sobiva programmeerimismustri ja kasutab seda praktiliste \u00fclesannete lahendamisel<br>\u2022 selgitab ORMi olemust<br>\u2022 kasutab m\u00f5nda enamlevinud ORMi vahendit vastavalt OOP kursuses \u00f5pitud programmeerimiskeelele<br>\u2022 loob enne programmikoodi kirjutamist \u00fchiktesti, millega testitakse tarkvara funktsionaalsust (testjuhitud arendus)<br>\u2022 loob ja kasutab koodi korrektsuse kontrollimiseks sobilikke \u00fchikteste<br>\u2022 loob ja kasutab mock-klasse \u00fchiktesti skoobist v\u00e4ljapoole j\u00e4\u00e4vate osade testimiseks<br>\u2022 oskab anda muutujaile, meetoditele, klassidele jne korrektsed, \u00fcheselt m\u00f5istetavad ning koodistandardile vastavad ingliskeelsed nimetused<\/p>\n\n\n\n<p class=\"has-text-align-left\"><strong><strong>S\u00f5pruse pst 182<\/strong><\/strong><\/p>\n\n\n\n<p class=\"has-text-align-left\" style=\"margin-top:0;margin-bottom:12px\"><strong>Tallinn, Eesti<\/strong><\/p>\n\n\n\n<p class=\"has-text-align-left\" style=\"margin-top:8px\">101101<\/p>\n\n\n\n<p class=\"has-text-align-left\" style=\"margin-top:8px\">StenUesson@admin.com<\/p>\n<\/div>\n\n\n\n<div class=\"wp-block-column is-vertically-aligned-center is-layout-flow wp-block-column-is-layout-flow\">\n<figure class=\"wp-block-image size-large has-custom-border extendify-image-import is-style-default\" style=\"margin-top:0;margin-bottom:0\"><img decoding=\"async\" src=\"https:\/\/stenuesson23.thkit.ee\/Portfoolio\/wp-content\/uploads\/2025\/01\/programming-background-with-person-working-with-codes-computer-scaled-1.jpg\" alt=\"\" style=\"border-style:none;border-width:0px;border-top-left-radius:1rem;border-top-right-radius:1rem;border-bottom-left-radius:1rem;border-bottom-right-radius:1rem;aspect-ratio:4\/3;object-fit:cover\"\/><\/figure>\n<\/div>\n<\/div>\n<\/div>\n","protected":false},"excerpt":{"rendered":"<p>Programmeerimine: loovad ja kasutajas\u00f5bralikud Programmid \u00d5pilane\u2022 loetleb enamlevinud programmeerimismustreid ja selgitab nende olemust\u2022 valib vastavalt l\u00e4hte\u00fclesandele sobiva programmeerimismustri ja kasutab seda praktiliste \u00fclesannete lahendamisel\u2022 selgitab ORMi olemust\u2022 kasutab m\u00f5nda enamlevinud ORMi vahendit vastavalt OOP kursuses \u00f5pitud programmeerimiskeelele\u2022 loob enne programmikoodi kirjutamist \u00fchiktesti, millega testitakse tarkvara funktsionaalsust (testjuhitud arendus)\u2022 loob ja kasutab koodi korrektsuse kontrollimiseks sobilikke [&hellip;]<\/p>\n","protected":false},"author":1,"featured_media":0,"parent":92,"menu_order":0,"comment_status":"closed","ping_status":"closed","template":"","meta":{"footnotes":""},"class_list":["post-96","page","type-page","status-publish","hentry"],"_links":{"self":[{"href":"https:\/\/stenuesson23.thkit.ee\/Portfoolio\/index.php?rest_route=\/wp\/v2\/pages\/96","targetHints":{"allow":["GET"]}}],"collection":[{"href":"https:\/\/stenuesson23.thkit.ee\/Portfoolio\/index.php?rest_route=\/wp\/v2\/pages"}],"about":[{"href":"https:\/\/stenuesson23.thkit.ee\/Portfoolio\/index.php?rest_route=\/wp\/v2\/types\/page"}],"author":[{"embeddable":true,"href":"https:\/\/stenuesson23.thkit.ee\/Portfoolio\/index.php?rest_route=\/wp\/v2\/users\/1"}],"replies":[{"embeddable":true,"href":"https:\/\/stenuesson23.thkit.ee\/Portfoolio\/index.php?rest_route=%2Fwp%2Fv2%2Fcomments&post=96"}],"version-history":[{"count":4,"href":"https:\/\/stenuesson23.thkit.ee\/Portfoolio\/index.php?rest_route=\/wp\/v2\/pages\/96\/revisions"}],"predecessor-version":[{"id":114,"href":"https:\/\/stenuesson23.thkit.ee\/Portfoolio\/index.php?rest_route=\/wp\/v2\/pages\/96\/revisions\/114"}],"up":[{"embeddable":true,"href":"https:\/\/stenuesson23.thkit.ee\/Portfoolio\/index.php?rest_route=\/wp\/v2\/pages\/92"}],"wp:attachment":[{"href":"https:\/\/stenuesson23.thkit.ee\/Portfoolio\/index.php?rest_route=%2Fwp%2Fv2%2Fmedia&parent=96"}],"curies":[{"name":"wp","href":"https:\/\/api.w.org\/{rel}","templated":true}]}}