{"id":92,"date":"2025-01-07T11:23:11","date_gmt":"2025-01-07T11:23:11","guid":{"rendered":"https:\/\/stenuesson23.thkit.ee\/Portfoolio\/?page_id=92"},"modified":"2025-01-07T11:33:41","modified_gmt":"2025-01-07T11:33:41","slug":"opimine-tarkvara-ained","status":"publish","type":"page","link":"https:\/\/stenuesson23.thkit.ee\/Portfoolio\/?page_id=92","title":{"rendered":"\u00d5pimine &#8211; Tarkvara Ained"},"content":{"rendered":"\n<div class=\"wp-block-group alignfull has-background-background-color has-background has-global-padding is-layout-constrained wp-container-core-group-is-layout-7276a2bb wp-block-group-is-layout-constrained\" style=\"margin-top:0;margin-bottom:0;padding-top:var(--wp--preset--spacing--60);padding-right:var(--wp--preset--spacing--30);padding-bottom:var(--wp--preset--spacing--60);padding-left:var(--wp--preset--spacing--30)\">\n<div class=\"wp-block-columns alignwide is-layout-flex wp-container-core-columns-is-layout-87beb0d0 wp-block-columns-is-layout-flex\">\n<div class=\"wp-block-column is-layout-flow wp-block-column-is-layout-flow\">\n<div class=\"wp-block-group has-tertiary-background-color has-background has-global-padding is-layout-constrained wp-container-core-group-is-layout-80fb368b wp-block-group-is-layout-constrained\" style=\"border-radius:4px;padding-top:var(--wp--preset--spacing--30);padding-right:var(--wp--preset--spacing--30);padding-bottom:var(--wp--preset--spacing--30);padding-left:var(--wp--preset--spacing--30)\">\n<figure class=\"wp-block-image aligncenter size-large is-resized ext-aspect-landscape extendify-image-import wp-duotone-primary-foreground\"><img decoding=\"async\" src=\"data:image\/svg+xml;base64,PHN2ZyB4bWxucz0iaHR0cDovL3d3dy53My5vcmcvMjAwMC9zdmciIHdpZHRoPSI0OCIgaGVpZ2h0PSI0OCIgZmlsbD0ibm9uZSIgdmlld0JveD0iMCAwIDQ4IDQ4Ij48bWFzayBpZD0iYSIgd2lkdGg9IjQ4IiBoZWlnaHQ9IjQ4IiB4PSIwIiB5PSIwIiBtYXNrVW5pdHM9InVzZXJTcGFjZU9uVXNlIiBzdHlsZT0ibWFzay10eXBlOmFscGhhIj48cGF0aCBmaWxsPSIjRDlEOUQ5IiBkPSJNMCAwaDQ4djQ4SDB6Ii8+PC9tYXNrPjxnIG1hc2s9InVybCgjYSkiPjxwYXRoIGZpbGw9IiMxQzFCMUYiIGQ9Ik03IDQwYy0uNzY3IDAtMS40NTgtLjMwOC0yLjA3NS0uOTI1QzQuMzA4IDM4LjQ1OCA0IDM3Ljc2NyA0IDM3VjExYzAtLjc2Ny4zMDgtMS40NTguOTI1LTIuMDc1QzUuNTQyIDguMzA4IDYuMjMzIDggNyA4aDE0LjA1bDMgM0g0MWMuNzY3IDAgMS40NTguMzA4IDIuMDc1LjkyNS42MTcuNjE3LjkyNSAxLjMwOC45MjUgMi4wNzVIMjIuNzVsLTMtM0g3djI2bDUuMS0yMEg0N2wtNS4zNSAyMC43Yy0uMi44LS41NjcgMS4zODMtMS4xIDEuNzUtLjUzMy4zNjctMS4yMTcuNTUtMi4wNS41NUg3Wm0zLjE1LTNoMjguNmw0LjItMTdoLTI4LjZsLTQuMiAxN1oiLz48L2c+PC9zdmc+\" alt=\"\" style=\"width:48px\"\/><\/figure>\n\n\n\n<h3 class=\"wp-block-heading has-text-align-center\" style=\"margin-top:24px;font-size:clamp(0.984rem, 0.984rem + ((1vw - 0.2rem) * 0.86), 1.5rem);line-height:1.5\">Programmeerimine<\/h3>\n\n\n\n<p class=\"has-text-align-center has-small-font-size\" style=\"margin-top:8px\">T\u00f6\u00f6stus Haridus Keskuse Programmeerimis aine materjalid.<\/p>\n\n\n\n<div class=\"wp-block-buttons is-content-justification-center is-layout-flex wp-container-core-buttons-is-layout-a89b3969 wp-block-buttons-is-layout-flex\">\n<div class=\"wp-block-button has-custom-font-size is-style-fill has-small-font-size\"><a class=\"wp-block-button__link wp-element-button\" href=\"https:\/\/stenuesson23.thkit.ee\/Portfoolio\/?page_id=96\">Loe Rohkem<\/a><\/div>\n<\/div>\n<\/div>\n<\/div>\n\n\n\n<div class=\"wp-block-column is-layout-flow wp-block-column-is-layout-flow\">\n<div class=\"wp-block-group has-tertiary-background-color has-background has-global-padding is-layout-constrained wp-container-core-group-is-layout-80fb368b wp-block-group-is-layout-constrained\" style=\"border-radius:4px;min-height:100%;padding-top:var(--wp--preset--spacing--30);padding-right:var(--wp--preset--spacing--30);padding-bottom:var(--wp--preset--spacing--30);padding-left:var(--wp--preset--spacing--30)\">\n<figure class=\"wp-block-image aligncenter size-large is-resized ext-aspect-landscape extendify-image-import wp-duotone-primary-foreground\"><img decoding=\"async\" src=\"data:image\/svg+xml;base64,PHN2ZyB4bWxucz0iaHR0cDovL3d3dy53My5vcmcvMjAwMC9zdmciIHdpZHRoPSI0OCIgaGVpZ2h0PSI0OCIgZmlsbD0ibm9uZSIgdmlld0JveD0iMCAwIDQ4IDQ4Ij48bWFzayBpZD0iYSIgd2lkdGg9IjQ4IiBoZWlnaHQ9IjQ4IiB4PSIwIiB5PSIwIiBtYXNrVW5pdHM9InVzZXJTcGFjZU9uVXNlIiBzdHlsZT0ibWFzay10eXBlOmFscGhhIj48cGF0aCBmaWxsPSIjRDlEOUQ5IiBkPSJNMCAwaDQ4djQ4SDB6Ii8+PC9tYXNrPjxnIG1hc2s9InVybCgjYSkiPjxwYXRoIGZpbGw9IiMxQzFCMUYiIGQ9Ik03IDQwYy0uNzY3IDAtMS40NTgtLjMwOC0yLjA3NS0uOTI1QzQuMzA4IDM4LjQ1OCA0IDM3Ljc2NyA0IDM3VjExYzAtLjc2Ny4zMDgtMS40NTguOTI1LTIuMDc1QzUuNTQyIDguMzA4IDYuMjMzIDggNyA4aDE0LjA1bDMgM0g0MWMuNzY3IDAgMS40NTguMzA4IDIuMDc1LjkyNS42MTcuNjE3LjkyNSAxLjMwOC45MjUgMi4wNzVIMjIuNzVsLTMtM0g3djI2bDUuMS0yMEg0N2wtNS4zNSAyMC43Yy0uMi44LS41NjcgMS4zODMtMS4xIDEuNzUtLjUzMy4zNjctMS4yMTcuNTUtMi4wNS41NUg3Wm0zLjE1LTNoMjguNmw0LjItMTdoLTI4LjZsLTQuMiAxN1oiLz48L2c+PC9zdmc+\" alt=\"\" style=\"width:48px\"\/><\/figure>\n\n\n\n<h3 class=\"wp-block-heading has-text-align-center\" style=\"margin-top:24px;font-size:clamp(0.984rem, 0.984rem + ((1vw - 0.2rem) * 0.86), 1.5rem);line-height:1.5\">Veebirakenduste Loomise Alused<\/h3>\n\n\n\n<p class=\"has-text-align-center has-small-font-size\" style=\"margin-top:8px\">T\u00f6\u00f6stus Haridus Keskuse Veebirakenduste Loomise Alused aine materjalid.<\/p>\n\n\n\n<div class=\"wp-block-buttons is-content-justification-center is-layout-flex wp-container-core-buttons-is-layout-a89b3969 wp-block-buttons-is-layout-flex\">\n<div class=\"wp-block-button has-custom-font-size is-style-fill has-small-font-size\"><a class=\"wp-block-button__link wp-element-button\" href=\"https:\/\/stenuesson23.thkit.ee\/Portfoolio\/?page_id=99\">Loe Rohkem<\/a><\/div>\n<\/div>\n<\/div>\n<\/div>\n<\/div>\n\n\n\n<div class=\"wp-block-columns alignwide is-layout-flex wp-container-core-columns-is-layout-e12f0bcd wp-block-columns-is-layout-flex\" style=\"margin-top:var(--wp--preset--spacing--30)\">\n<div class=\"wp-block-column is-layout-flow wp-block-column-is-layout-flow\">\n<div class=\"wp-block-group has-tertiary-background-color has-background has-global-padding is-layout-constrained wp-container-core-group-is-layout-80fb368b wp-block-group-is-layout-constrained\" style=\"border-radius:4px;padding-top:var(--wp--preset--spacing--30);padding-right:var(--wp--preset--spacing--30);padding-bottom:var(--wp--preset--spacing--30);padding-left:var(--wp--preset--spacing--30)\">\n<figure class=\"wp-block-image aligncenter size-large is-resized ext-aspect-landscape extendify-image-import wp-duotone-primary-foreground\"><img decoding=\"async\" src=\"data:image\/svg+xml;base64,PHN2ZyB4bWxucz0iaHR0cDovL3d3dy53My5vcmcvMjAwMC9zdmciIHdpZHRoPSI0OCIgaGVpZ2h0PSI0OCIgZmlsbD0ibm9uZSIgdmlld0JveD0iMCAwIDQ4IDQ4Ij48bWFzayBpZD0iYSIgd2lkdGg9IjQ4IiBoZWlnaHQ9IjQ4IiB4PSIwIiB5PSIwIiBtYXNrVW5pdHM9InVzZXJTcGFjZU9uVXNlIiBzdHlsZT0ibWFzay10eXBlOmFscGhhIj48cGF0aCBmaWxsPSIjRDlEOUQ5IiBkPSJNMCAwaDQ4djQ4SDB6Ii8+PC9tYXNrPjxnIG1hc2s9InVybCgjYSkiPjxwYXRoIGZpbGw9IiMxQzFCMUYiIGQ9Ik03IDQwYy0uNzY3IDAtMS40NTgtLjMwOC0yLjA3NS0uOTI1QzQuMzA4IDM4LjQ1OCA0IDM3Ljc2NyA0IDM3VjExYzAtLjc2Ny4zMDgtMS40NTguOTI1LTIuMDc1QzUuNTQyIDguMzA4IDYuMjMzIDggNyA4aDE0LjA1bDMgM0g0MWMuNzY3IDAgMS40NTguMzA4IDIuMDc1LjkyNS42MTcuNjE3LjkyNSAxLjMwOC45MjUgMi4wNzVIMjIuNzVsLTMtM0g3djI2bDUuMS0yMEg0N2wtNS4zNSAyMC43Yy0uMi44LS41NjcgMS4zODMtMS4xIDEuNzUtLjUzMy4zNjctMS4yMTcuNTUtMi4wNS41NUg3Wm0zLjE1LTNoMjguNmw0LjItMTdoLTI4LjZsLTQuMiAxN1oiLz48L2c+PC9zdmc+\" alt=\"\" style=\"width:48px\"\/><\/figure>\n\n\n\n<h3 class=\"wp-block-heading has-text-align-center\" style=\"margin-top:24px;font-size:clamp(0.984rem, 0.984rem + ((1vw - 0.2rem) * 0.86), 1.5rem);line-height:1.5\">V\u00f5rgurakendused<\/h3>\n\n\n\n<p class=\"has-text-align-center has-small-font-size\" style=\"margin-top:8px\">T\u00f6\u00f6stus Haridus Keskuse V\u00f5rgurakendusedaine materjalid.<\/p>\n\n\n\n<div class=\"wp-block-buttons is-content-justification-center is-layout-flex wp-container-core-buttons-is-layout-a89b3969 wp-block-buttons-is-layout-flex\">\n<div class=\"wp-block-button has-custom-font-size is-style-fill has-small-font-size\"><a class=\"wp-block-button__link wp-element-button\" href=\"https:\/\/stenuesson23.thkit.ee\/Portfoolio\/?page_id=102\">Loe Rohkem<\/a><\/div>\n<\/div>\n<\/div>\n<\/div>\n<\/div>\n<\/div>\n","protected":false},"excerpt":{"rendered":"<p>Programmeerimine T\u00f6\u00f6stus Haridus Keskuse Programmeerimis aine materjalid. Veebirakenduste Loomise Alused T\u00f6\u00f6stus Haridus Keskuse Veebirakenduste Loomise Alused aine materjalid. V\u00f5rgurakendused T\u00f6\u00f6stus Haridus Keskuse V\u00f5rgurakendusedaine materjalid.<\/p>\n","protected":false},"author":1,"featured_media":0,"parent":0,"menu_order":0,"comment_status":"closed","ping_status":"closed","template":"","meta":{"footnotes":""},"class_list":["post-92","page","type-page","status-publish","hentry"],"_links":{"self":[{"href":"https:\/\/stenuesson23.thkit.ee\/Portfoolio\/index.php?rest_route=\/wp\/v2\/pages\/92","targetHints":{"allow":["GET"]}}],"collection":[{"href":"https:\/\/stenuesson23.thkit.ee\/Portfoolio\/index.php?rest_route=\/wp\/v2\/pages"}],"about":[{"href":"https:\/\/stenuesson23.thkit.ee\/Portfoolio\/index.php?rest_route=\/wp\/v2\/types\/page"}],"author":[{"embeddable":true,"href":"https:\/\/stenuesson23.thkit.ee\/Portfoolio\/index.php?rest_route=\/wp\/v2\/users\/1"}],"replies":[{"embeddable":true,"href":"https:\/\/stenuesson23.thkit.ee\/Portfoolio\/index.php?rest_route=%2Fwp%2Fv2%2Fcomments&post=92"}],"version-history":[{"count":3,"href":"https:\/\/stenuesson23.thkit.ee\/Portfoolio\/index.php?rest_route=\/wp\/v2\/pages\/92\/revisions"}],"predecessor-version":[{"id":104,"href":"https:\/\/stenuesson23.thkit.ee\/Portfoolio\/index.php?rest_route=\/wp\/v2\/pages\/92\/revisions\/104"}],"wp:attachment":[{"href":"https:\/\/stenuesson23.thkit.ee\/Portfoolio\/index.php?rest_route=%2Fwp%2Fv2%2Fmedia&parent=92"}],"curies":[{"name":"wp","href":"https:\/\/api.w.org\/{rel}","templated":true}]}}