{"id":11,"date":"2024-12-17T07:06:31","date_gmt":"2024-12-17T07:06:31","guid":{"rendered":"https:\/\/stenuesson23.thkit.ee\/Portfoolio\/portfoolio\/"},"modified":"2025-01-07T11:02:23","modified_gmt":"2025-01-07T11:02:23","slug":"portfoolio","status":"publish","type":"page","link":"https:\/\/stenuesson23.thkit.ee\/Portfoolio\/?page_id=11","title":{"rendered":"Portfoolio"},"content":{"rendered":"\n<div class=\"wp-block-group alignfull has-background-background-color has-background has-global-padding is-layout-constrained wp-container-core-group-is-layout-832022f9 wp-block-group-is-layout-constrained\" style=\"margin-top:0;margin-bottom:0;padding-top:0;padding-right:0;padding-bottom:0;padding-left:0\">\n<div class=\"wp-block-cover alignfull\" style=\"padding-top:0;padding-right:var(--wp--preset--spacing--30);padding-bottom:0;padding-left:var(--wp--preset--spacing--30);min-height:50px;aspect-ratio:unset;\"><span aria-hidden=\"true\" class=\"wp-block-cover__background has-black-background-color has-background-dim-60 has-background-dim\"><\/span><img loading=\"lazy\" decoding=\"async\" width=\"1280\" height=\"853\" class=\"wp-block-cover__image-background wp-image-20\" alt=\"\" src=\"https:\/\/stenuesson23.thkit.ee\/Portfoolio\/wp-content\/uploads\/2024\/12\/5a0091acdd9507b6513aee5aa9648fa23c70ea1a.jpg\" data-object-fit=\"cover\" srcset=\"https:\/\/stenuesson23.thkit.ee\/Portfoolio\/wp-content\/uploads\/2024\/12\/5a0091acdd9507b6513aee5aa9648fa23c70ea1a.jpg 1280w, https:\/\/stenuesson23.thkit.ee\/Portfoolio\/wp-content\/uploads\/2024\/12\/5a0091acdd9507b6513aee5aa9648fa23c70ea1a-300x200.jpg 300w, https:\/\/stenuesson23.thkit.ee\/Portfoolio\/wp-content\/uploads\/2024\/12\/5a0091acdd9507b6513aee5aa9648fa23c70ea1a-1024x682.jpg 1024w, https:\/\/stenuesson23.thkit.ee\/Portfoolio\/wp-content\/uploads\/2024\/12\/5a0091acdd9507b6513aee5aa9648fa23c70ea1a-768x512.jpg 768w\" sizes=\"auto, (max-width: 1280px) 100vw, 1280px\" \/><div class=\"wp-block-cover__inner-container is-layout-flow wp-block-cover-is-layout-flow\">\n<div class=\"wp-block-group has-global-padding is-layout-constrained wp-block-group-is-layout-constrained\" style=\"padding-top:var(--wp--preset--spacing--60);padding-bottom:var(--wp--preset--spacing--60)\">\n<div class=\"wp-block-group alignwide has-global-padding is-content-justification-center is-layout-constrained wp-block-group-is-layout-constrained\">\n<h1 class=\"wp-block-heading has-text-align-center has-text-color has-x-large-font-size\" style=\"color:#fffffffc\">Professionaalsed veebilehed, mis k\u00f6idavad<\/h1>\n\n\n\n<p class=\"has-text-align-center has-text-color\" style=\"color:#fffffffc;margin-top:16px\">Sten Christjan Uesson &#8211; Kutsekooli entusiast Tallinast, kes katsetab WordPress&#8217;i ja \u00f5pib.<\/p>\n<\/div>\n<\/div>\n<\/div><\/div>\n<\/div>\n\n\n\n<div class=\"wp-block-group alignfull has-tertiary-background-color has-background has-global-padding is-layout-constrained wp-container-core-group-is-layout-7276a2bb wp-block-group-is-layout-constrained\" id=\"portfoolio\" style=\"margin-top:0;margin-bottom:0;padding-top:var(--wp--preset--spacing--60);padding-right:var(--wp--preset--spacing--30);padding-bottom:var(--wp--preset--spacing--60);padding-left:var(--wp--preset--spacing--30)\">\n<div class=\"wp-block-group alignwide has-global-padding is-content-justification-left is-layout-constrained wp-container-core-group-is-layout-8b4c372c wp-block-group-is-layout-constrained\">\n<h2 class=\"wp-block-heading has-text-align-left has-large-font-size\">Sten Christjan Uesson TARpe23 &#8211; Noorem Tarkvaraarendaja Portfoolio<\/h2>\n\n\n\n<p class=\"has-text-align-left\" style=\"margin-top:16px\">Siin lehel leiad minu WordPress&#8217;i katsetusi ja \u00f5pinguprojekte, mis aitavad mul paremini m\u00f5ista veebiarenduse maailma.<\/p>\n<\/div>\n<\/div>\n\n\n\n<div class=\"wp-block-group alignfull has-background-background-color has-background has-global-padding is-layout-constrained wp-container-core-group-is-layout-7276a2bb wp-block-group-is-layout-constrained\" id=\"meist\" style=\"margin-top:0;margin-bottom:0;padding-top:var(--wp--preset--spacing--60);padding-right:var(--wp--preset--spacing--30);padding-bottom:var(--wp--preset--spacing--60);padding-left:var(--wp--preset--spacing--30)\">\n<div class=\"wp-block-columns alignwide is-layout-flex wp-container-core-columns-is-layout-47c06fe3 wp-block-columns-is-layout-flex\">\n<div class=\"wp-block-column is-layout-flow wp-block-column-is-layout-flow\" style=\"flex-basis:50%\">\n<h2 class=\"wp-block-heading has-text-align-left has-large-font-size\">Sten Christjan Uesson &#8211; Kutsekooli \u00f5pilane Tallinast, kes katsetab WordPress&#8217;i \u00f5ppimist.<\/h2>\n<\/div>\n\n\n\n<div class=\"wp-block-column is-layout-flow wp-container-core-column-is-layout-f5bb311e wp-block-column-is-layout-flow\" style=\"flex-basis:50%\">\n<p>Tere tulemast! Olen Sten Christjan Uesson, kutsekooli \u00f5pilane Tallinast, Eestist. WordPress&#8217;i kasutamise katsetamisel omandan teadmisi, mis aitavad mul luua visuaalselt k\u00f6itvaid ja kasutajas\u00f5bralikke lahendusi. Minu portfoolio demonstreerib minu \u00f5ppeprotsessi ja edusamme veebiarenduse vallas. Olen valmis jagama oma kogemusi ja looma veebilehti erinevate projektide jaoks, olgu selleks \u00f5ppeprojekt, isiklik veebileht v\u00f5i organisatsiooni esindus.<\/p>\n\n\n\n<p>Sten Christjan Uesson on kutsekooli \u00f5pilane Tallinast, kellel on kirg WordPress&#8217;i ja veebiarenduse \u00f5ppimise vastu. Ta loeb ja katsetab mitmesuguseid veebidisaini tehnikaid, et parandada oma oskusi. Tema portfoolio kajastab tema arusaamist ainest.<\/p>\n<\/div>\n<\/div>\n<\/div>\n","protected":false},"excerpt":{"rendered":"<p>Sten Christjan Uesson TARpe23 &#8211; Noorem Tarkvaraarendaja Portfoolio Siin lehel leiad minu WordPress&#8217;i katsetusi ja \u00f5pinguprojekte, mis aitavad mul paremini m\u00f5ista veebiarenduse maailma. Sten Christjan Uesson &#8211; Kutsekooli \u00f5pilane Tallinast, kes katsetab WordPress&#8217;i \u00f5ppimist. Tere tulemast! Olen Sten Christjan Uesson, kutsekooli \u00f5pilane Tallinast, Eestist. WordPress&#8217;i kasutamise katsetamisel omandan teadmisi, mis aitavad mul luua visuaalselt k\u00f6itvaid [&hellip;]<\/p>\n","protected":false},"author":1,"featured_media":0,"parent":0,"menu_order":0,"comment_status":"closed","ping_status":"closed","template":"no-title","meta":{"footnotes":""},"class_list":["post-11","page","type-page","status-publish","hentry"],"_links":{"self":[{"href":"https:\/\/stenuesson23.thkit.ee\/Portfoolio\/index.php?rest_route=\/wp\/v2\/pages\/11","targetHints":{"allow":["GET"]}}],"collection":[{"href":"https:\/\/stenuesson23.thkit.ee\/Portfoolio\/index.php?rest_route=\/wp\/v2\/pages"}],"about":[{"href":"https:\/\/stenuesson23.thkit.ee\/Portfoolio\/index.php?rest_route=\/wp\/v2\/types\/page"}],"author":[{"embeddable":true,"href":"https:\/\/stenuesson23.thkit.ee\/Portfoolio\/index.php?rest_route=\/wp\/v2\/users\/1"}],"replies":[{"embeddable":true,"href":"https:\/\/stenuesson23.thkit.ee\/Portfoolio\/index.php?rest_route=%2Fwp%2Fv2%2Fcomments&post=11"}],"version-history":[{"count":4,"href":"https:\/\/stenuesson23.thkit.ee\/Portfoolio\/index.php?rest_route=\/wp\/v2\/pages\/11\/revisions"}],"predecessor-version":[{"id":85,"href":"https:\/\/stenuesson23.thkit.ee\/Portfoolio\/index.php?rest_route=\/wp\/v2\/pages\/11\/revisions\/85"}],"wp:attachment":[{"href":"https:\/\/stenuesson23.thkit.ee\/Portfoolio\/index.php?rest_route=%2Fwp%2Fv2%2Fmedia&parent=11"}],"curies":[{"name":"wp","href":"https:\/\/api.w.org\/{rel}","templated":true}]}}