{"id":102,"date":"2025-01-07T11:32:47","date_gmt":"2025-01-07T11:32:47","guid":{"rendered":"https:\/\/stenuesson23.thkit.ee\/Portfoolio\/?page_id=102"},"modified":"2025-01-07T12:08:59","modified_gmt":"2025-01-07T12:08:59","slug":"vorgurakendused","status":"publish","type":"page","link":"https:\/\/stenuesson23.thkit.ee\/Portfoolio\/?page_id=102","title":{"rendered":"V\u00f5rgurakendused"},"content":{"rendered":"\n<div class=\"wp-block-group alignfull has-background-background-color has-background has-global-padding is-layout-constrained wp-container-core-group-is-layout-fb85e995 wp-block-group-is-layout-constrained\" style=\"margin-top:0;margin-bottom:0;padding-top:var(--wp--preset--spacing--60);padding-right:var(--wp--preset--spacing--30);padding-bottom:var(--wp--preset--spacing--60);padding-left:var(--wp--preset--spacing--30)\">\n<div class=\"wp-block-columns alignwide are-vertically-aligned-top is-layout-flex wp-container-core-columns-is-layout-47c06fe3 wp-block-columns-is-layout-flex\">\n<div class=\"wp-block-column is-vertically-aligned-top is-layout-flow wp-block-column-is-layout-flow\" style=\"flex-basis:55%\">\n<h2 class=\"wp-block-heading has-large-font-size\">V\u00f5rgurakendused Teemad.<\/h2>\n\n\n\n<p> <\/p>\n\n\n\n<p style=\"margin-top:16px\">\u00d5V1<\/p>\n\n\n\n<p>teeb andmebaasiserveri haldustegevusi kasutades nii k\u00e4surida kui graafilist kasutajaliidest<\/p>\n\n\n\n<p>\u00d5V2<\/p>\n\n\n\n<p>teostab andmebaasi varundamiseks ja taastamiseks vajalikke tegevusi<\/p>\n\n\n\n<p>\u00d5V3<\/p>\n\n\n\n<p>haldab veebiservereid ja -rakendusi<\/p>\n\n\n\n<p>\u00d5V4<\/p>\n\n\n\n<p>kasutab teenustaseme j\u00e4lgimiseks ja varade halduseks sobivaid tarkvaralisi lahendusi;<\/p>\n\n\n\n<p>\u00d5V5<\/p>\n\n\n\n<p>m\u00f5istab v\u00f5rguteenuste t\u00f6\u00f6p\u00f5him\u00f5tteid ning nende seoseid kasutatavate tehnoloogiatega<\/p>\n\n\n\n<p>\u00d5V6<\/p>\n\n\n\n<p>planeerib, paigaldab ja h\u00e4\u00e4lestab (kataloogi teenused, e-posti-, Faili-, printimis-, WWW-, Videokonverentsi-, SNMP, NTP, VoIP, kaughaldus, teenusserverite haldus) ja nende seadistamiseks minimaalselt vajalikke baasv\u00f5rguteenuseid vastavalt l\u00e4hte\u00fclesandele, j\u00e4rgib teenustele osutatavaid n\u00f5udeid<\/p>\n\n\n\n<p>\u00d5V7<\/p>\n\n\n\n<p style=\"margin-top:16px\">kasutab v\u00f5rguliikluse j\u00e4lgimise ja dokumenteerimise rakendusi<\/p>\n<\/div>\n\n\n\n<div class=\"wp-block-column is-vertically-aligned-top is-layout-flow wp-block-column-is-layout-flow\">\n<div class=\"wp-block-group has-tertiary-background-color has-background has-global-padding is-layout-constrained wp-container-core-group-is-layout-2b3d6dce wp-block-group-is-layout-constrained\" style=\"border-radius:4px;padding-top:var(--wp--preset--spacing--30);padding-right:var(--wp--preset--spacing--30);padding-bottom:var(--wp--preset--spacing--30);padding-left:var(--wp--preset--spacing--30)\">\n<div class=\"wp-block-group is-nowrap is-layout-flex wp-container-core-group-is-layout-509d8e3e wp-block-group-is-layout-flex\">\n<figure class=\"wp-block-image size-large is-resized extendify-image-import wp-duotone-primary-foreground\"><img decoding=\"async\" src=\"data:image\/svg+xml;base64,PHN2ZyB4bWxucz0iaHR0cDovL3d3dy53My5vcmcvMjAwMC9zdmciIHdpZHRoPSI0OCIgaGVpZ2h0PSI0OCIgZmlsbD0ibm9uZSIgdmlld0JveD0iMCAwIDQ4IDQ4Ij48bWFzayBpZD0iYSIgd2lkdGg9IjQ4IiBoZWlnaHQ9IjQ4IiB4PSIwIiB5PSIwIiBtYXNrVW5pdHM9InVzZXJTcGFjZU9uVXNlIiBzdHlsZT0ibWFzay10eXBlOmFscGhhIj48cGF0aCBmaWxsPSIjRDlEOUQ5IiBkPSJNMCAwaDQ4djQ4SDB6Ii8+PC9tYXNrPjxnIG1hc2s9InVybCgjYSkiPjxwYXRoIGZpbGw9IiMxQzFCMUYiIGQ9Ik0yNC4wMDUgMjMuNWEzLjM2IDMuMzYgMCAwIDAgMi40Ny0xLjAzIDMuMzgyIDMuMzgyIDAgMCAwIDEuMDI1LTIuNDc0IDMuMzYgMy4zNiAwIDAgMC0xLjAzLTIuNDcxIDMuMzgyIDMuMzgyIDAgMCAwLTIuNDc0LTEuMDI1IDMuMzYgMy4zNiAwIDAgMC0yLjQ3MSAxLjAzIDMuMzgyIDMuMzgyIDAgMCAwLTEuMDI1IDIuNDc0IDMuMzYgMy4zNiAwIDAgMCAxLjAzIDIuNDcxIDMuMzgyIDMuMzgyIDAgMCAwIDIuNDc0IDEuMDI1Wk0yNCA0MC4wNWM0LjQzMy00LjAzMyA3LjcwOC03LjY5MiA5LjgyNS0xMC45NzVDMzUuOTQyIDI1Ljc5MiAzNyAyMi45IDM3IDIwLjRjMC0zLjkyNi0xLjI1NS03LjE0MS0zLjc2NC05LjY0NUMzMC43MjYgOC4yNTIgMjcuNjQ3IDcgMjQgN2MtMy42NDcgMC02LjcyNiAxLjI1Mi05LjIzNiAzLjc1NUMxMi4yNTUgMTMuMjU5IDExIDE2LjQ3NCAxMSAyMC40YzAgMi41IDEuMDgzIDUuMzkyIDMuMjUgOC42NzUgMi4xNjcgMy4yODMgNS40MTcgNi45NDIgOS43NSAxMC45NzVaTTI0IDQ0Yy01LjM2Ny00LjU2Ny05LjM3NS04LjgwOC0xMi4wMjUtMTIuNzI1QzkuMzI1IDI3LjM1OCA4IDIzLjczMyA4IDIwLjRjMC01IDEuNjA4LTguOTgzIDQuODI1LTExLjk1QzE2LjA0MiA1LjQ4MyAxOS43NjcgNCAyNCA0YzQuMjMzIDAgNy45NTggMS40ODMgMTEuMTc1IDQuNDVDMzguMzkyIDExLjQxNyA0MCAxNS40IDQwIDIwLjRjMCAzLjMzMy0xLjMyNSA2Ljk1OC0zLjk3NSAxMC44NzVDMzMuMzc1IDM1LjE5MiAyOS4zNjcgMzkuNDMzIDI0IDQ0WiIvPjwvZz48L3N2Zz4=\" alt=\"\" style=\"width:24px\"\/><\/figure>\n\n\n\n<p class=\"has-text-align-center\">S\u00f5pruse pst 182<\/p>\n\n\n\n<p class=\"has-text-align-center\">Tallinn, Eesti<\/p>\n<\/div>\n\n\n\n<div class=\"wp-block-group is-nowrap is-layout-flex wp-container-core-group-is-layout-509d8e3e wp-block-group-is-layout-flex\">\n<figure class=\"wp-block-image size-large is-resized extendify-image-import wp-duotone-primary-foreground\"><img decoding=\"async\" src=\"data:image\/svg+xml;base64,PHN2ZyB4bWxucz0iaHR0cDovL3d3dy53My5vcmcvMjAwMC9zdmciIHdpZHRoPSI0OCIgaGVpZ2h0PSI0OCIgZmlsbD0ibm9uZSIgdmlld0JveD0iMCAwIDQ4IDQ4Ij48bWFzayBpZD0iYSIgd2lkdGg9IjQ4IiBoZWlnaHQ9IjQ4IiB4PSIwIiB5PSIwIiBtYXNrVW5pdHM9InVzZXJTcGFjZU9uVXNlIiBzdHlsZT0ibWFzay10eXBlOmFscGhhIj48cGF0aCBmaWxsPSIjRDlEOUQ5IiBkPSJNMCAwaDQ4djQ4SDB6Ii8+PC9tYXNrPjxnIG1hc2s9InVybCgjYSkiPjxwYXRoIGZpbGw9IiMxQzFCMUYiIGQ9Ik0zOS43NSA0MmMtMy44NjcgMC03LjgwOC0uOTMzLTExLjgyNS0yLjgtNC4wMTctMS44NjctNy43NDItNC41MTctMTEuMTc1LTcuOTUtMy40MzMtMy40MzMtNi4wODMtNy4xNTgtNy45NS0xMS4xNzVTNiAxMi4xMTcgNiA4LjI1YzAtLjY0My4yMTQtMS4xNzkuNjQzLTEuNjA3QzcuMDcxIDYuMjE0IDcuNjA3IDYgOC4yNSA2aDdjLjQ2NyAwIC44NjcuMTY3IDEuMi41LjMzMy4zMzMuNTY3Ljc1LjcgMS4yNWwxLjM0NyA2LjI4MmMuMDY5LjQ3OS4wNjEuOTEtLjAyMiAxLjI5M2ExLjk1MyAxLjk1MyAwIDAgMS0uNTM3Ljk4NkwxMi45NSAyMS4zNWE0MS44MDQgNDEuODA0IDAgMCAwIDIuNzUgNC4xIDMyLjUyMiAzMi41MjIgMCAwIDAgMy4yIDMuNiAzNi4zNDggMzYuMzQ4IDAgMCAwIDMuOSAzLjQ3NSAzMC45NzQgMzAuOTc0IDAgMCAwIDQuMyAyLjc3NWw0Ljc1LTQuOWMuMzMzLS4zNjcuNzItLjYxNyAxLjE1Ny0uNzUuNDM5LS4xMzMuODctLjE2NyAxLjI5My0uMWw1Ljk1IDEuM2MuNS4xMzMuOTE3LjQgMS4yNS44MDIuMzMzLjQwMi41Ljg1MS41IDEuMzQ4djYuNzVjMCAuNjQzLS4yMTQgMS4xNzktLjY0MyAxLjYwNy0uNDI4LjQyOS0uOTY0LjY0My0xLjYwNy42NDNabS0yOC4zLTIzLjQgNC4wNS00LjFMMTQuMzUgOUg5Yy4wNjcgMS40LjI5MiAyLjg3NS42NzUgNC40MjUuMzgzIDEuNTUuOTc1IDMuMjc1IDEuNzc1IDUuMTc1Wk0yOS45IDM2Ljc1YTI0Ljk2IDI0Ljk2IDAgMCAwIDQuNDUgMS41NWMxLjYuNCAzLjE1LjYzMyA0LjY1Ljd2LTUuMzVsLTUuMTUtMS4wNS0zLjk1IDQuMTVaIi8+PC9nPjwvc3ZnPg==\" alt=\"\" style=\"width:24px\"\/><\/figure>\n\n\n\n<p class=\"has-text-align-center\">101101<\/p>\n<\/div>\n\n\n\n<div class=\"wp-block-group is-nowrap is-layout-flex wp-container-core-group-is-layout-509d8e3e wp-block-group-is-layout-flex\">\n<figure class=\"wp-block-image size-large is-resized extendify-image-import wp-duotone-primary-foreground\"><img decoding=\"async\" src=\"data:image\/svg+xml;base64,PHN2ZyB4bWxucz0iaHR0cDovL3d3dy53My5vcmcvMjAwMC9zdmciIHdpZHRoPSI0OCIgaGVpZ2h0PSI0OCIgZmlsbD0ibm9uZSIgdmlld0JveD0iMCAwIDQ4IDQ4Ij48bWFzayBpZD0iYSIgd2lkdGg9IjQ4IiBoZWlnaHQ9IjQ4IiB4PSIwIiB5PSIwIiBtYXNrVW5pdHM9InVzZXJTcGFjZU9uVXNlIiBzdHlsZT0ibWFzay10eXBlOmFscGhhIj48cGF0aCBmaWxsPSIjRDlEOUQ5IiBkPSJNMCAwaDQ4djQ4SDB6Ii8+PC9tYXNrPjxnIG1hc2s9InVybCgjYSkiPjxwYXRoIGZpbGw9IiMxQzFCMUYiIGQ9Ik03IDQwYy0uOCAwLTEuNS0uMy0yLjEtLjktLjYtLjYtLjktMS4zLS45LTIuMVYxMWMwLS44LjMtMS41LjktMi4xQzUuNSA4LjMgNi4yIDggNyA4aDM0Yy44IDAgMS41LjMgMi4xLjkuNi42LjkgMS4zLjkgMi4xdjI2YzAgLjgtLjMgMS41LS45IDIuMS0uNi42LTEuMy45LTIuMS45SDdabTE3LTE1LjFMNyAxMy43NVYzN2gzNFYxMy43NUwyNCAyNC45Wm0wLTNMNDAuOCAxMUg3LjI1TDI0IDIxLjlaTTcgMTMuNzVWMTF2MjYtMjMuMjVaIi8+PC9nPjwvc3ZnPg==\" alt=\"\" style=\"width:24px\"\/><\/figure>\n\n\n\n<p class=\"has-text-align-center\">StenUesson@admin.com<\/p>\n<\/div>\n<\/div>\n<\/div>\n<\/div>\n\n\n\n<div class=\"wp-block-cover alignwide extendify-image-import\"><span aria-hidden=\"true\" class=\"wp-block-cover__background has-background-dim-0 has-background-dim\"><\/span><img decoding=\"async\" class=\"wp-block-cover__image-background\" alt=\"\" src=\"https:\/\/images.unsplash.com\/photo-1541680670548-88e8cd23c0f4?fit=crop&amp;crop=entropy%2Cfaces&amp;auto=format%2Ccompress&amp;w=1280\" data-object-fit=\"cover\"\/><div class=\"wp-block-cover__inner-container is-layout-flow wp-block-cover-is-layout-flow\">\n<div style=\"height:380px\" aria-hidden=\"true\" class=\"wp-block-spacer\"><\/div>\n<\/div><\/div>\n<\/div>\n","protected":false},"excerpt":{"rendered":"<p>V\u00f5rgurakendused Teemad. \u00d5V1 teeb andmebaasiserveri haldustegevusi kasutades nii k\u00e4surida kui graafilist kasutajaliidest \u00d5V2 teostab andmebaasi varundamiseks ja taastamiseks vajalikke tegevusi \u00d5V3 haldab veebiservereid ja -rakendusi \u00d5V4 kasutab teenustaseme j\u00e4lgimiseks ja varade halduseks sobivaid tarkvaralisi lahendusi; \u00d5V5 m\u00f5istab v\u00f5rguteenuste t\u00f6\u00f6p\u00f5him\u00f5tteid ning nende seoseid kasutatavate tehnoloogiatega \u00d5V6 planeerib, paigaldab ja h\u00e4\u00e4lestab (kataloogi teenused, e-posti-, Faili-, printimis-, WWW-, [&hellip;]<\/p>\n","protected":false},"author":1,"featured_media":0,"parent":92,"menu_order":0,"comment_status":"closed","ping_status":"closed","template":"","meta":{"footnotes":""},"class_list":["post-102","page","type-page","status-publish","hentry"],"_links":{"self":[{"href":"https:\/\/stenuesson23.thkit.ee\/Portfoolio\/index.php?rest_route=\/wp\/v2\/pages\/102","targetHints":{"allow":["GET"]}}],"collection":[{"href":"https:\/\/stenuesson23.thkit.ee\/Portfoolio\/index.php?rest_route=\/wp\/v2\/pages"}],"about":[{"href":"https:\/\/stenuesson23.thkit.ee\/Portfoolio\/index.php?rest_route=\/wp\/v2\/types\/page"}],"author":[{"embeddable":true,"href":"https:\/\/stenuesson23.thkit.ee\/Portfoolio\/index.php?rest_route=\/wp\/v2\/users\/1"}],"replies":[{"embeddable":true,"href":"https:\/\/stenuesson23.thkit.ee\/Portfoolio\/index.php?rest_route=%2Fwp%2Fv2%2Fcomments&post=102"}],"version-history":[{"count":4,"href":"https:\/\/stenuesson23.thkit.ee\/Portfoolio\/index.php?rest_route=\/wp\/v2\/pages\/102\/revisions"}],"predecessor-version":[{"id":107,"href":"https:\/\/stenuesson23.thkit.ee\/Portfoolio\/index.php?rest_route=\/wp\/v2\/pages\/102\/revisions\/107"}],"up":[{"embeddable":true,"href":"https:\/\/stenuesson23.thkit.ee\/Portfoolio\/index.php?rest_route=\/wp\/v2\/pages\/92"}],"wp:attachment":[{"href":"https:\/\/stenuesson23.thkit.ee\/Portfoolio\/index.php?rest_route=%2Fwp%2Fv2%2Fmedia&parent=102"}],"curies":[{"name":"wp","href":"https:\/\/api.w.org\/{rel}","templated":true}]}}