{"id":10,"date":"2024-12-17T07:06:31","date_gmt":"2024-12-17T07:06:31","guid":{"rendered":"https:\/\/stenuesson23.thkit.ee\/Portfoolio\/kontakt\/"},"modified":"2025-01-07T14:23:33","modified_gmt":"2025-01-07T14:23:33","slug":"kontakt","status":"publish","type":"page","link":"https:\/\/stenuesson23.thkit.ee\/Portfoolio\/?page_id=10","title":{"rendered":"Kontakt"},"content":{"rendered":"\n<div class=\"wp-block-group alignfull has-background-background-color has-background has-global-padding is-layout-constrained wp-container-core-group-is-layout-832022f9 wp-block-group-is-layout-constrained\" style=\"margin-top:0;margin-bottom:0;padding-top:0;padding-right:0;padding-bottom:0;padding-left:0\">\n<div class=\"wp-block-cover alignfull\" style=\"padding-top:0;padding-right:var(--wp--preset--spacing--30);padding-bottom:0;padding-left:var(--wp--preset--spacing--30);min-height:50px;aspect-ratio:unset;\"><span aria-hidden=\"true\" class=\"wp-block-cover__background has-black-background-color has-background-dim-60 has-background-dim\"><\/span><img loading=\"lazy\" decoding=\"async\" width=\"1280\" height=\"853\" class=\"wp-block-cover__image-background wp-image-20\" alt=\"\" src=\"https:\/\/stenuesson23.thkit.ee\/Portfoolio\/wp-content\/uploads\/2024\/12\/5a0091acdd9507b6513aee5aa9648fa23c70ea1a.jpg\" data-object-fit=\"cover\" srcset=\"https:\/\/stenuesson23.thkit.ee\/Portfoolio\/wp-content\/uploads\/2024\/12\/5a0091acdd9507b6513aee5aa9648fa23c70ea1a.jpg 1280w, https:\/\/stenuesson23.thkit.ee\/Portfoolio\/wp-content\/uploads\/2024\/12\/5a0091acdd9507b6513aee5aa9648fa23c70ea1a-300x200.jpg 300w, https:\/\/stenuesson23.thkit.ee\/Portfoolio\/wp-content\/uploads\/2024\/12\/5a0091acdd9507b6513aee5aa9648fa23c70ea1a-1024x682.jpg 1024w, https:\/\/stenuesson23.thkit.ee\/Portfoolio\/wp-content\/uploads\/2024\/12\/5a0091acdd9507b6513aee5aa9648fa23c70ea1a-768x512.jpg 768w\" sizes=\"auto, (max-width: 1280px) 100vw, 1280px\" \/><div class=\"wp-block-cover__inner-container is-layout-flow wp-block-cover-is-layout-flow\">\n<div class=\"wp-block-group has-global-padding is-layout-constrained wp-block-group-is-layout-constrained\" style=\"padding-top:var(--wp--preset--spacing--60);padding-bottom:var(--wp--preset--spacing--60)\">\n<div class=\"wp-block-group alignwide has-global-padding is-content-justification-center is-layout-constrained wp-block-group-is-layout-constrained\">\n<h1 class=\"wp-block-heading has-text-align-center has-text-color has-x-large-font-size\" style=\"color:#fffffffc\">K\u00fcsi julgelt WordPress&#8217;i kohta!<\/h1>\n\n\n\n<p class=\"has-text-align-center has-text-color\" style=\"color:#fffffffc;margin-top:16px\">Sten Christjan Uesson &#8211; Kutsekooli \u00f5pilane, kes katsetab WordPress&#8217;i kasutamist.<\/p>\n<\/div>\n<\/div>\n<\/div><\/div>\n<\/div>\n\n\n\n<div class=\"wp-block-group alignfull has-tertiary-background-color has-background has-global-padding is-layout-constrained wp-container-core-group-is-layout-254d6575 wp-block-group-is-layout-constrained\" id=\"kontakt\" style=\"margin-top:0;margin-bottom:0;padding-top:var(--wp--preset--spacing--60);padding-right:var(--wp--preset--spacing--30);padding-bottom:var(--wp--preset--spacing--60);padding-left:var(--wp--preset--spacing--30)\">\n<h2 class=\"wp-block-heading has-text-align-center has-large-font-size\">V\u00f5ta \u00fchendust kogenud WordPress&#8217;i kasutajaga, et \u00f5ppida ja arendada oma oskusi<\/h2>\n\n\n\n<p class=\"has-text-align-center\"><strong>S\u00f5pruse pst 182<\/strong><\/p>\n\n\n\n<p class=\"has-text-align-center\" style=\"margin-top:0;margin-bottom:0\"><strong>Tallinn, Eesti<\/strong><\/p>\n\n\n\n<p class=\"has-text-align-center has-small-font-size\" style=\"margin-top:8px\">101101<\/p>\n\n\n\n<p class=\"has-text-align-center has-small-font-size\" style=\"margin-top:8px\">StenUesson@admin.com<\/p>\n<\/div>\n\n\n\n<div class=\"wp-block-group alignfull has-background-background-color has-background has-global-padding is-layout-constrained wp-container-core-group-is-layout-7276a2bb wp-block-group-is-layout-constrained\" style=\"margin-top:0;margin-bottom:0;padding-top:var(--wp--preset--spacing--60);padding-right:var(--wp--preset--spacing--30);padding-bottom:var(--wp--preset--spacing--60);padding-left:var(--wp--preset--spacing--30)\">\n<div class=\"wp-block-group alignwide is-content-justification-center is-layout-flex wp-container-core-group-is-layout-a26c5552 wp-block-group-is-layout-flex\" style=\"border-width:5px;border-radius:100px;min-height:0px;margin-top:0;margin-bottom:0;padding-right:0;padding-left:0\">\n<div class=\"wp-block-group has-global-padding is-layout-constrained wp-block-group-is-layout-constrained\">\n<h2 class=\"wp-block-heading has-large-font-size\">Sten Christjan Uesson &#8211; Kutsekooli \u00f5pilane, kes avastab veebidisaini maailma ja oskab luua funktsionaalseid lahendusi.<\/h2>\n\n\n\n<p style=\"margin-top:16px\">Sten Uesson on innukas \u00f5pilane, kes \u00f5pib WordPressi kasutamist. Tema eesm\u00e4rk on omandada oskusi, et pakkuda ainulaadseid ja kasutajas\u00f5bralikke veebilehti. Kui soovite konsultatsiooni v\u00f5i abi oma veebiprojekti alustamisel, v\u00f5tke julgelt \u00fchendust.<\/p>\n<\/div>\n<\/div>\n<\/div>\n","protected":false},"excerpt":{"rendered":"<p>V\u00f5ta \u00fchendust kogenud WordPress&#8217;i kasutajaga, et \u00f5ppida ja arendada oma oskusi S\u00f5pruse pst 182 Tallinn, Eesti 101101 StenUesson@admin.com Sten Christjan Uesson &#8211; Kutsekooli \u00f5pilane, kes avastab veebidisaini maailma ja oskab luua funktsionaalseid lahendusi. Sten Uesson on innukas \u00f5pilane, kes \u00f5pib WordPressi kasutamist. Tema eesm\u00e4rk on omandada oskusi, et pakkuda ainulaadseid ja kasutajas\u00f5bralikke veebilehti. Kui soovite [&hellip;]<\/p>\n","protected":false},"author":1,"featured_media":0,"parent":0,"menu_order":0,"comment_status":"closed","ping_status":"closed","template":"no-title","meta":{"footnotes":""},"class_list":["post-10","page","type-page","status-publish","hentry"],"_links":{"self":[{"href":"https:\/\/stenuesson23.thkit.ee\/Portfoolio\/index.php?rest_route=\/wp\/v2\/pages\/10","targetHints":{"allow":["GET"]}}],"collection":[{"href":"https:\/\/stenuesson23.thkit.ee\/Portfoolio\/index.php?rest_route=\/wp\/v2\/pages"}],"about":[{"href":"https:\/\/stenuesson23.thkit.ee\/Portfoolio\/index.php?rest_route=\/wp\/v2\/types\/page"}],"author":[{"embeddable":true,"href":"https:\/\/stenuesson23.thkit.ee\/Portfoolio\/index.php?rest_route=\/wp\/v2\/users\/1"}],"replies":[{"embeddable":true,"href":"https:\/\/stenuesson23.thkit.ee\/Portfoolio\/index.php?rest_route=%2Fwp%2Fv2%2Fcomments&post=10"}],"version-history":[{"count":7,"href":"https:\/\/stenuesson23.thkit.ee\/Portfoolio\/index.php?rest_route=\/wp\/v2\/pages\/10\/revisions"}],"predecessor-version":[{"id":124,"href":"https:\/\/stenuesson23.thkit.ee\/Portfoolio\/index.php?rest_route=\/wp\/v2\/pages\/10\/revisions\/124"}],"wp:attachment":[{"href":"https:\/\/stenuesson23.thkit.ee\/Portfoolio\/index.php?rest_route=%2Fwp%2Fv2%2Fmedia&parent=10"}],"curies":[{"name":"wp","href":"https:\/\/api.w.org\/{rel}","templated":true}]}}